{"id":2913,"date":"2025-08-05T13:32:38","date_gmt":"2025-08-05T17:32:38","guid":{"rendered":"https:\/\/nilvem.com\/nilvem\/?page_id=2913"},"modified":"2025-09-05T10:11:14","modified_gmt":"2025-09-05T14:11:14","slug":"calcula-el-tiempo-de-lectura","status":"publish","type":"page","link":"https:\/\/nilvem.com\/nilvem\/calcula-el-tiempo-de-lectura\/","title":{"rendered":"Calcula el tiempo de lectura"},"content":{"rendered":"<p>Calcula el tiempo que te toma leer un libro o art\u00edculo ahora y cu\u00e1nto te podr\u00eda tomar hacerlo luego de tomar el curso de Lectura Veloz NILVEM.<br \/>\nEn el espacio \u00abCantidad de palabras\u00bb, entra el dato aproximado de palabras de una p\u00e1gina del libro. Si quieres aprender a calcular cu\u00e1ntas palabras tiene un libro, ve a la parte de abajo de esta p\u00e1gina para que veas las instrucciones.<\/p>\n<h2>Calculadora de tiempo de lectura<\/h2>\n<p>Ingresa la cantidad de p\u00e1ginas del libro y cu\u00e1ntas palabras tiene aproximadamente cada p\u00e1gina. Para calcular cu\u00e1ntas palabras tiene una p\u00e1gina en promedio, sigue el siguiente procedimiento:<\/p>\n<p>1. Cuenta 10 l\u00edneas de texto en cualquier p\u00e1gina del libro, preferiblemente que est\u00e9 completa.<br \/>\n2. Cuenta todas las palabras en esas 10 l\u00edneas.<br \/>\n3. Divide ese n\u00famero entre diez.<br \/>\n4. Cuenta todas las l\u00edneas en la p\u00e1gina.<br \/>\n5. Multiplica lo que te dio en 3. por lo que te dio en 4.<\/p>\n<p>Si deseas tener un c\u00e1lculo m\u00e1s cercano a lo real, repite el procedimiento usando otra p\u00e1gina y saca un promedio.<\/p>\n<p><label for=\"paginas\">N\u00famero de p\u00e1ginas:<\/label><br \/>\n<input id=\"paginas\" name=\"paginas\" type=\"number\" \/><\/p>\n<p><label for=\"palabras\">Palabras por p\u00e1gina:<\/label><br \/>\n<input id=\"palabras\" name=\"palabras\" type=\"number\" \/><\/p>\n<p><button id=\"calc-btn\" type=\"button\">Calcular<\/button><\/p>\n<div id=\"tabla-resultados\" style=\"margin-top: 20px;\">\n<p data-start=\"137\" data-end=\"431\">Ahora que sabes cu\u00e1ntas palabras tiene tu libro y cu\u00e1nto podr\u00edas tardar en leerlo, el siguiente paso es medir tu <strong data-start=\"299\" data-end=\"330\">velocidad de lectura actual<\/strong>.<br data-start=\"331\" data-end=\"334\" \/> Haz nuestro <a href=\"https:\/\/nilvem.com\/nilvem\/test-de-velocidad-y-comprension-de-lectura\/\"><strong data-start=\"350\" data-end=\"382\">Test de Velocidad de Lectura<\/strong><\/a> y descubre en pocos minutos tu nivel real.<\/p>\n<p data-start=\"433\" data-end=\"582\">Con ese resultado podr\u00e1s comparar tu tiempo actual con el de la tabla y ver cu\u00e1nto puedes mejorar con el entrenamiento en <strong data-start=\"555\" data-end=\"579\">Lectura Veloz NILVEM<\/strong>.<\/p>\n<p>El c\u00e1lculo del tiempo que te tomar\u00e1 la lectura de un libro tiene una utilidad adicional muy importante, pues ahora podr\u00e1s estimar con anticipaci\u00f3n el tiempo que te ha de tomar y planificar de acuerdo a tus necesidades y tiempo disponible.<\/p>\n<p>Por otro lado, como muestra la calculadora, tu tiempo de lectura puede ser reducido dr\u00e1sticamente con el entrenamiento en Lectura Veloz que ofrece NILVEM. Ve a la p\u00e1gina <a href=\"https:\/\/nilvem.com\/nilvem\/proximos-cursos\/\">CURSOS<\/a> y mira las opciones para que aprendas Lectura Veloz.<\/p>\n<\/div>\n","protected":false},"excerpt":{"rendered":"<p>Calcula el tiempo que te toma leer un libro o art\u00edculo ahora y cu\u00e1nto te podr\u00eda tomar hacerlo luego de tomar el curso de Lectura Veloz NILVEM. En el espacio &#8230;<\/p>\n","protected":false},"author":1,"featured_media":0,"parent":0,"menu_order":0,"comment_status":"closed","ping_status":"closed","template":"","meta":{"footnotes":""},"class_list":["post-2913","page","type-page","status-publish","hentry"],"_links":{"self":[{"href":"https:\/\/nilvem.com\/nilvem\/wp-json\/wp\/v2\/pages\/2913","targetHints":{"allow":["GET"]}}],"collection":[{"href":"https:\/\/nilvem.com\/nilvem\/wp-json\/wp\/v2\/pages"}],"about":[{"href":"https:\/\/nilvem.com\/nilvem\/wp-json\/wp\/v2\/types\/page"}],"author":[{"embeddable":true,"href":"https:\/\/nilvem.com\/nilvem\/wp-json\/wp\/v2\/users\/1"}],"replies":[{"embeddable":true,"href":"https:\/\/nilvem.com\/nilvem\/wp-json\/wp\/v2\/comments?post=2913"}],"version-history":[{"count":10,"href":"https:\/\/nilvem.com\/nilvem\/wp-json\/wp\/v2\/pages\/2913\/revisions"}],"predecessor-version":[{"id":3048,"href":"https:\/\/nilvem.com\/nilvem\/wp-json\/wp\/v2\/pages\/2913\/revisions\/3048"}],"wp:attachment":[{"href":"https:\/\/nilvem.com\/nilvem\/wp-json\/wp\/v2\/media?parent=2913"}],"curies":[{"name":"wp","href":"https:\/\/api.w.org\/{rel}","templated":true}]}}