{"id":2890,"date":"2025-08-04T11:53:48","date_gmt":"2025-08-04T15:53:48","guid":{"rendered":"https:\/\/nilvem.com\/nilvem\/?page_id=2890"},"modified":"2025-08-08T10:44:57","modified_gmt":"2025-08-08T14:44:57","slug":"proximos-cursos","status":"publish","type":"page","link":"https:\/\/nilvem.com\/nilvem\/proximos-cursos\/","title":{"rendered":"Pr\u00f3ximos cursos"},"content":{"rendered":"<p>Estos son nuestros pr\u00f3ximos cursos, mira los detalles. Para m\u00e1s informaci\u00f3n, escr\u00edbenos a nilvem@gmail.com o ll\u00e1manos o env\u00eda mensaje a 1 787 347-4415.<\/p>\n<h4><span style=\"color: #0000ff;\"><a style=\"color: #0000ff;\" href=\"https:\/\/nilvem.com\/nilvem\/curso-sabatino\/\">Curso sabatino<\/a><\/span><\/h4>\n<h4><span style=\"color: #0000ff;\"><a style=\"color: #0000ff;\" href=\"https:\/\/nilvem.com\/nilvem\/curso-individual-2\/\">Curso individual<\/a><\/span><\/h4>\n","protected":false},"excerpt":{"rendered":"<p>Estos son nuestros pr\u00f3ximos cursos, mira los detalles. Para m\u00e1s informaci\u00f3n, escr\u00edbenos a nilvem@gmail.com o ll\u00e1manos o env\u00eda mensaje a 1 787 347-4415. Curso sabatino Curso individual<\/p>\n","protected":false},"author":1,"featured_media":0,"parent":0,"menu_order":0,"comment_status":"closed","ping_status":"closed","template":"","meta":{"footnotes":""},"class_list":["post-2890","page","type-page","status-publish","hentry"],"_links":{"self":[{"href":"https:\/\/nilvem.com\/nilvem\/wp-json\/wp\/v2\/pages\/2890","targetHints":{"allow":["GET"]}}],"collection":[{"href":"https:\/\/nilvem.com\/nilvem\/wp-json\/wp\/v2\/pages"}],"about":[{"href":"https:\/\/nilvem.com\/nilvem\/wp-json\/wp\/v2\/types\/page"}],"author":[{"embeddable":true,"href":"https:\/\/nilvem.com\/nilvem\/wp-json\/wp\/v2\/users\/1"}],"replies":[{"embeddable":true,"href":"https:\/\/nilvem.com\/nilvem\/wp-json\/wp\/v2\/comments?post=2890"}],"version-history":[{"count":2,"href":"https:\/\/nilvem.com\/nilvem\/wp-json\/wp\/v2\/pages\/2890\/revisions"}],"predecessor-version":[{"id":2892,"href":"https:\/\/nilvem.com\/nilvem\/wp-json\/wp\/v2\/pages\/2890\/revisions\/2892"}],"wp:attachment":[{"href":"https:\/\/nilvem.com\/nilvem\/wp-json\/wp\/v2\/media?parent=2890"}],"curies":[{"name":"wp","href":"https:\/\/api.w.org\/{rel}","templated":true}]}}