{"id":2868,"date":"2025-08-04T10:46:00","date_gmt":"2025-08-04T14:46:00","guid":{"rendered":"https:\/\/nilvem.com\/nilvem\/?page_id=2868"},"modified":"2025-09-12T10:23:52","modified_gmt":"2025-09-12T14:23:52","slug":"tests-y-calculadoras","status":"publish","type":"page","link":"https:\/\/nilvem.com\/nilvem\/tests-y-calculadoras\/","title":{"rendered":"Tests y calculadoras"},"content":{"rendered":"<h5>Utiliza las siguientes herramientas para irte adentrando en el campo del Aprendizaje Acelerado:<\/h5>\n<h4><span style=\"color: #0000ff;\"><a style=\"color: #0000ff;\" href=\"https:\/\/nilvem.com\/nilvem\/test-de-velocidad-y-comprension-de-lectura\/\">Test de Velocidad y Comprensi\u00f3n de Lectura &#8211; Espa\u00f1ol<\/a><\/span><\/h4>\n<h4><span style=\"color: #0000ff;\"><a style=\"color: #0000ff;\" href=\"https:\/\/nilvem.com\/nilvem\/test-de-velocidad-y-comprension-de-lectura-ingles\/\">Test de Velocidad y Comprensi\u00f3n de Lectura &#8211; Ingl\u00e9s<\/a><\/span><\/h4>\n<h4><a href=\"https:\/\/nilvem.com\/nilvem\/test-memoria-de-palabras\/\"><span style=\"color: #0000ff;\">Test de Memoria de Palabras<\/span><\/a><\/h4>\n<h4><a href=\"https:\/\/nilvem.com\/nilvem\/calcula-el-valor-de-tu-inversion\/\"><span style=\"color: #0000ff;\">Calcula el valor de tu inversi\u00f3n en el curso de Lectura Veloz<\/span><\/a><\/h4>\n<h4><span style=\"color: #0000ff;\"><a style=\"color: #0000ff;\" href=\"https:\/\/nilvem.com\/nilvem\/calcula-el-tiempo-de-lectura\/\">Calcula el tiempo de lectura<\/a><\/span><\/h4>\n<p>&nbsp;<\/p>\n<p>&nbsp;<\/p>\n","protected":false},"excerpt":{"rendered":"<p>Utiliza las siguientes herramientas para irte adentrando en el campo del Aprendizaje Acelerado: Test de Velocidad y Comprensi\u00f3n de Lectura &#8211; Espa\u00f1ol Test de Velocidad y Comprensi\u00f3n de Lectura &#8211; &#8230;<\/p>\n","protected":false},"author":1,"featured_media":0,"parent":0,"menu_order":0,"comment_status":"closed","ping_status":"closed","template":"","meta":{"footnotes":""},"class_list":["post-2868","page","type-page","status-publish","hentry"],"_links":{"self":[{"href":"https:\/\/nilvem.com\/nilvem\/wp-json\/wp\/v2\/pages\/2868","targetHints":{"allow":["GET"]}}],"collection":[{"href":"https:\/\/nilvem.com\/nilvem\/wp-json\/wp\/v2\/pages"}],"about":[{"href":"https:\/\/nilvem.com\/nilvem\/wp-json\/wp\/v2\/types\/page"}],"author":[{"embeddable":true,"href":"https:\/\/nilvem.com\/nilvem\/wp-json\/wp\/v2\/users\/1"}],"replies":[{"embeddable":true,"href":"https:\/\/nilvem.com\/nilvem\/wp-json\/wp\/v2\/comments?post=2868"}],"version-history":[{"count":7,"href":"https:\/\/nilvem.com\/nilvem\/wp-json\/wp\/v2\/pages\/2868\/revisions"}],"predecessor-version":[{"id":3393,"href":"https:\/\/nilvem.com\/nilvem\/wp-json\/wp\/v2\/pages\/2868\/revisions\/3393"}],"wp:attachment":[{"href":"https:\/\/nilvem.com\/nilvem\/wp-json\/wp\/v2\/media?parent=2868"}],"curies":[{"name":"wp","href":"https:\/\/api.w.org\/{rel}","templated":true}]}}