{"id":23,"date":"2016-02-12T08:12:49","date_gmt":"2016-02-12T08:12:49","guid":{"rendered":"http:\/\/demos.famethemes.com\/onepress\/?page_id=23"},"modified":"2026-02-24T08:58:01","modified_gmt":"2026-02-24T12:58:01","slug":"curso-individual-2","status":"publish","type":"page","link":"https:\/\/nilvem.com\/nilvem\/curso-individual-2\/","title":{"rendered":"Curso Individual"},"content":{"rendered":"<p>El Curso Individual de Lectura Veloz, M\u00e9todo de Estudio y Memoria consiste de 20 clases de 1 hora, usualmente dos a la semana durante 10 semanas, pero a\u00fan esto es flexible y puede adaptarse seg\u00fan las necesidades del estudiante y disponibilidad de tiempo. Las clases se ofrecen v\u00eda Zoom en horarios por acuerdo durante la semana, entre 9:00 a.m. y 5:00 p.m.<!--more--><\/p>\n<p><img loading=\"lazy\" decoding=\"async\" class=\"alignright size-medium wp-image-2073\" src=\"https:\/\/nilvem.com\/nilvem\/wp-content\/uploads\/2024\/01\/desbloquea-tu-potencial-300x238.webp\" alt=\"Curso Individual de Lectura Veloz\" width=\"300\" height=\"238\" srcset=\"https:\/\/nilvem.com\/nilvem\/wp-content\/uploads\/2024\/01\/desbloquea-tu-potencial-300x238.webp 300w, https:\/\/nilvem.com\/nilvem\/wp-content\/uploads\/2024\/01\/desbloquea-tu-potencial-768x610.webp 768w, https:\/\/nilvem.com\/nilvem\/wp-content\/uploads\/2024\/01\/desbloquea-tu-potencial.webp 853w\" sizes=\"auto, (max-width: 300px) 100vw, 300px\" \/><\/p>\n<p>Al matricularte en nuestro <strong>Curso Individual<\/strong> obtienes:<\/p>\n<ul>\n<li>Atenci\u00f3n completamente individualizada.<\/li>\n<li>Gran flexibilidad de horarios y fechas para adaptarnos a tu disponibilidad.<\/li>\n<li>Adaptaci\u00f3n del ritmo y los \u00e9nfasis del curso a tu propio ritmo de aprendizaje e intereses.<\/li>\n<li>Un Manual y una Gu\u00eda de Ejercicios para realizar en clases, entre las mismas y poder seguir practicando al terminar.<\/li>\n<li>Evaluaciones de progreso al inicio, durante y al final.<\/li>\n<li>Certificado.<\/li>\n<\/ul>\n<p>En el curso se cubren las tres \u00e1reas, <strong>Lectura Veloz, M\u00e9todo de Estudio y Memoria<\/strong>, y hacemos un gran \u00e9nfasis en adaptar las &nbsp;mismas a las necesidades y particularidades de cada estudiante. Avanza a tu ritmo, desde tu hogar y aprende las mejores t\u00e9cnicas de estudio y mejoramiento personal.<\/p>\n<p>Para comenzar el curso basta con comunicarte y hacer una cita. &nbsp;Llama ahora al<span style=\"margin-left: 10px;\"><a href=\"tel:+17873474415\">&nbsp;<\/a><strong><a href=\"tel:+17873474415\">787-347-4415<\/a>, <\/strong>escr\u00edbenos por<strong><a href=\"http:\/\/wa.me\/7873474415\" target=\"_blank\" rel=\"noopener\">WhatsApp<\/a><\/strong><\/span> o&nbsp; llena&nbsp; la <a title=\"Inscripci\u00f3n\" href=\"https:\/\/nilvem.com\/nilvem\/inscripcion-curso-individual\/\" target=\"_blank\" rel=\"noopener noreferrer\">Hoja de Inscripci\u00f3n<\/a>&nbsp;y nosotros nos comunicaremos para hacer la cita.<\/p>\n<p style=\"text-align: right;\"><a class=\"fasc-button fasc-size-medium fasc-type-flat fasc-rounded-medium ico-fa fasc-ico-before fa-arrow-circle-right fasc-style-bold\" style=\"background-color: #33809e; color: #ffffff;\" target=\"_blank\" rel=\"noopener\" href=\"https:\/\/nilvem.com\/nilvem\/inscripcion-curso-individual\/\">&nbsp;INSCRIPCI\u00d3N&nbsp;<\/a><\/p>\n<h4>Curso individual a distancia<\/h4>\n<h5 style=\"padding-left: 30px;\">Adultos (16 a\u00f1os en adelante)<\/h5>\n<h5 style=\"padding-left: 30px;\">Inicio continuo<span style=\"color: #ff0000;\"> \u00a1Comienza hoy mismo!<\/span><\/h5>\n<h5 style=\"padding-left: 30px;\">Curso Lectura Veloz, M\u00e9todo de Estudio y Memoria<\/h5>\n<h5 style=\"padding-left: 70px;\">Duraci\u00f3n: 20 clases, 1 hora, por cita<\/h5>\n<h5 style=\"padding-left: 70px;\">Costo- US$900.00&nbsp;&nbsp;<\/h5>\n<h6 style=\"padding-left: 100px;\">Pago completo o en plazos:<\/h6>\n<h6 style=\"padding-left: 130px;\">2 plazos de $450.00&nbsp;<\/h6>\n<h6 style=\"padding-left: 130px;\">5 plazos de $180.00&nbsp;<\/h6>\n<h6 style=\"padding-left: 130px;\">10 plazos de $90.00<span style=\"color: #ff0000;\">&nbsp;<\/span><\/h6>\n<h5 style=\"padding-left: 20px;\">Modo de pago:<\/h5>\n<h6 style=\"padding-left: 90px;\">Tarjetas cr\u00e9dito&nbsp;VISA, MasterCard, American Express, Discover.<\/h6>\n<h6 style=\"padding-left: 90px;\">Paypal<\/h6>\n<h6 style=\"padding-left: 90px;\">ATH M\u00f3vil<\/h6>\n<h6 style=\"padding-left: 90px;\">Transferencia electr\u00f3nica<\/h6>\n<p style=\"text-align: right;\"><a class=\"fasc-button fasc-size-medium fasc-type-flat fasc-rounded-medium ico-fa fasc-ico-before fa-arrow-circle-right fasc-style-bold\" style=\"background-color: #33809e; color: #ffffff;\" target=\"_blank\" rel=\"noopener\" href=\"https:\/\/nilvem.com\/nilvem\/inscripcion-curso-individual\/\">&nbsp;INSCRIPCI\u00d3N&nbsp;<\/a><\/p>\n","protected":false},"excerpt":{"rendered":"<p>No existe forma m\u00e1s flexible y adaptable a ti que nuestro curso individual. Puede comenzarse en cualquier momento que desees. Igualmente, las clases se ofrecen a distancia, a trav\u00e9s de Internet, por lo que no tienes que salir de tu casa u oficina y no importa en qu\u00e9 lugar del mundo te encuentres.<\/p>\n","protected":false},"author":1,"featured_media":0,"parent":0,"menu_order":0,"comment_status":"closed","ping_status":"closed","template":"","meta":{"footnotes":""},"class_list":["post-23","page","type-page","status-publish","hentry"],"_links":{"self":[{"href":"https:\/\/nilvem.com\/nilvem\/wp-json\/wp\/v2\/pages\/23","targetHints":{"allow":["GET"]}}],"collection":[{"href":"https:\/\/nilvem.com\/nilvem\/wp-json\/wp\/v2\/pages"}],"about":[{"href":"https:\/\/nilvem.com\/nilvem\/wp-json\/wp\/v2\/types\/page"}],"author":[{"embeddable":true,"href":"https:\/\/nilvem.com\/nilvem\/wp-json\/wp\/v2\/users\/1"}],"replies":[{"embeddable":true,"href":"https:\/\/nilvem.com\/nilvem\/wp-json\/wp\/v2\/comments?post=23"}],"version-history":[{"count":16,"href":"https:\/\/nilvem.com\/nilvem\/wp-json\/wp\/v2\/pages\/23\/revisions"}],"predecessor-version":[{"id":3607,"href":"https:\/\/nilvem.com\/nilvem\/wp-json\/wp\/v2\/pages\/23\/revisions\/3607"}],"wp:attachment":[{"href":"https:\/\/nilvem.com\/nilvem\/wp-json\/wp\/v2\/media?parent=23"}],"curies":[{"name":"wp","href":"https:\/\/api.w.org\/{rel}","templated":true}]}}