{"id":22,"date":"2016-02-12T08:11:05","date_gmt":"2016-02-12T08:11:05","guid":{"rendered":"http:\/\/demos.famethemes.com\/onepress\/?page_id=22"},"modified":"2025-04-26T12:01:14","modified_gmt":"2025-04-26T16:01:14","slug":"nosotros","status":"publish","type":"page","link":"https:\/\/nilvem.com\/nilvem\/nosotros\/","title":{"rendered":"Nosotros"},"content":{"rendered":"<p>Nosotros, NILVEM, el Nuevo Instituto de Lectura Veloz, Estudio y Memoria, hemos formado miles de estudiantes a trav\u00e9s de 50 a\u00f1os de historia conjunta en las m\u00e1s avanzadas t\u00e9cnicas de estudio. Por nuestros cursos han pasado ya cuatro generaciones de estudiantes que han alcanzado la ventaja sobre el resto para obtener el \u00e9xito.<\/p>\n<p>Nuestros cursos de Lectura Veloz, M\u00e9todo de Estudio y Memoria son una s\u00f3lida adici\u00f3n a los recursos conque puede contar un estudiante y un profesional en la consecuci\u00f3n de sus m\u00e1s altas metas.<\/p>\n<div class=\"content clear\">\n<h3>Nuestra Visi\u00f3n:<\/h3>\n<blockquote><p>Que cada persona desarrolle su capacidad de aprendizaje al m\u00e1ximo de sus posibilidades y se convierta en el mejor estudiante que pueda ser.<\/p><\/blockquote>\n<h3>Nuestra Misi\u00f3n:<\/h3>\n<blockquote><p>Poner al alcance de nuestros estudiantes las m\u00e1s avanzadas y comprobadas t\u00e9cnicas de aprendizaje, buscando las mismas tanto en la sabidur\u00eda del\u00a0pasado como en las innovaciones tecnol\u00f3gicas del presente.<\/p><\/blockquote>\n<\/div>\n","protected":false},"excerpt":{"rendered":"<p>Nosotros, NILVEM, el Nuevo Instituto de Lectura Veloz, Estudio y Memoria, hemos formado miles de estudiantes a trav\u00e9s de 50 a\u00f1os de historia conjunta en las m\u00e1s avanzadas t\u00e9cnicas de estudio. Por nuestros cursos han pasado ya cuatro generaciones de estudiantes que han alcanzado la ventaja sobre el resto para obtener el \u00e9xito.<\/p>\n","protected":false},"author":1,"featured_media":20,"parent":0,"menu_order":0,"comment_status":"closed","ping_status":"closed","template":"","meta":{"footnotes":""},"class_list":["post-22","page","type-page","status-publish","has-post-thumbnail","hentry"],"_links":{"self":[{"href":"https:\/\/nilvem.com\/nilvem\/wp-json\/wp\/v2\/pages\/22","targetHints":{"allow":["GET"]}}],"collection":[{"href":"https:\/\/nilvem.com\/nilvem\/wp-json\/wp\/v2\/pages"}],"about":[{"href":"https:\/\/nilvem.com\/nilvem\/wp-json\/wp\/v2\/types\/page"}],"author":[{"embeddable":true,"href":"https:\/\/nilvem.com\/nilvem\/wp-json\/wp\/v2\/users\/1"}],"replies":[{"embeddable":true,"href":"https:\/\/nilvem.com\/nilvem\/wp-json\/wp\/v2\/comments?post=22"}],"version-history":[{"count":3,"href":"https:\/\/nilvem.com\/nilvem\/wp-json\/wp\/v2\/pages\/22\/revisions"}],"predecessor-version":[{"id":2561,"href":"https:\/\/nilvem.com\/nilvem\/wp-json\/wp\/v2\/pages\/22\/revisions\/2561"}],"wp:featuredmedia":[{"embeddable":true,"href":"https:\/\/nilvem.com\/nilvem\/wp-json\/wp\/v2\/media\/20"}],"wp:attachment":[{"href":"https:\/\/nilvem.com\/nilvem\/wp-json\/wp\/v2\/media?parent=22"}],"curies":[{"name":"wp","href":"https:\/\/api.w.org\/{rel}","templated":true}]}}