{"id":2044,"date":"2023-11-30T12:43:41","date_gmt":"2023-11-30T12:43:41","guid":{"rendered":"https:\/\/nilvem.com\/nilvem\/?page_id=2044"},"modified":"2025-04-26T11:52:37","modified_gmt":"2025-04-26T15:52:37","slug":"juegos-mentales-2","status":"publish","type":"page","link":"https:\/\/nilvem.com\/nilvem\/juegos-mentales-2\/","title":{"rendered":"Juegos mentales"},"content":{"rendered":"<p>Estos juegos mentales pueden ayudarte a desarrollar agilidad mental y conservar mejor tus capacidades.<\/p>\n<h3><span style=\"color: #ff0000;\">Vocabulario<\/span><\/h3>\n<p><a href=\"https:\/\/www.nytimes.com\/games\/wordle\/index.html\" target=\"_blank\" rel=\"noopener\">Wordle<\/a><br \/>\nDescubre la palabra secreta en seis intentos (ingl\u00e9s)<\/p>\n<p><a href=\"https:\/\/lapalabradeldia.com\/\" target=\"_blank\" rel=\"noopener\">Palabra del d\u00eda<\/a><br \/>\nWordle en espa\u00f1ol<\/p>\n<p><a href=\"https:\/\/www.merriam-webster.com\/games\/quordle\/#\/\" target=\"_blank\" rel=\"noopener\">Quordle<\/a><br \/>\nWordle con cuatro tableros a la misma vez<\/p>\n<p><a href=\"https:\/\/es.quordle.com\/#\/\" target=\"_blank\" rel=\"noopener\">Quordle (Espa\u00f1ol)<\/a><br \/>\nQuordle en espa\u00f1ol<\/p>\n<p><a href=\"https:\/\/www.britannica.com\/games\/octordle\/daily\" target=\"_blank\" rel=\"noopener\">Octordle\u00a0<\/a><br \/>\nWordle con ocho tableros a la misma vez<\/p>\n<p><a href=\"https:\/\/wordleplay.com\/es\/octordle\" target=\"_blank\" rel=\"noopener\">Octordle (Espa\u00f1ol)\u00a0<\/a><br \/>\nOctordle en espa\u00f1ol<\/p>\n<p><a href=\"https:\/\/www.britannica.com\/games\/victordle\/\" target=\"_blank\" rel=\"noopener\">Victordle<\/a><br \/>\nWordle contra rivales en vivo, en ingl\u00e9s<\/p>\n<p><a href=\"https:\/\/www.merriam-webster.com\/games\/blossom-word-game\" target=\"_blank\" rel=\"noopener\">Blossom<\/a><br \/>\nAcumula puntos con 12 palabras con las letras provistas en la flor<\/p>\n<p><a href=\"https:\/\/www.polygonle.com\/\" target=\"_blank\" rel=\"noopener\">Polygonle<\/a><br \/>\nDescubre la palabra secreta con las claves en figuras geom\u00e9tricas<\/p>\n<p><a href=\"https:\/\/www.nytimes.com\/puzzles\/letter-boxed\" target=\"_blank\" rel=\"noopener\">Letter-Boxed\u00a0<\/a><br \/>\nUsa todas las letras de la caja para hacer palabras<\/p>\n<p><a href=\"https:\/\/semantle.com\/\" target=\"_blank\" rel=\"noopener\">Semantle\u00a0<\/a><br \/>\nDescubre la palabra secreta entrando palabras&#8230; te acercas si las palabras se usan con m\u00e1s frecuencia juntas.<\/p>\n<p><a href=\"https:\/\/contexto.me\/\" target=\"_blank\" rel=\"noopener\">Contexto\u00a0<\/a><br \/>\nIgual que Semantle, pero en espa\u00f1ol.<\/p>\n<p><a href=\"https:\/\/www.nytimes.com\/games\/connections\" target=\"_blank\" rel=\"noopener\">Connections\u00a0<\/a><br \/>\nDescubre cuatro grupos de cuatro palabras relacionadas entre s\u00ed.<\/p>\n<p><a href=\"https:\/\/www.nytimes.com\/games\/strands\" target=\"_blank\" rel=\"noopener\">Strands<\/a><br \/>\nEncuentra las palabras ocultas en un tablero.<\/p>\n<h3><span style=\"color: #ff0000;\">Memoria<\/span><\/h3>\n<p><a href=\"https:\/\/www.juegosdememoriagratis.com\/\" target=\"_blank\" rel=\"noopener\">Juegos de Memoria gratis<\/a><br \/>\nJuegos de memoria visual, tres niveles de dificultad.<\/p>\n<p><a href=\"https:\/\/www.memo-juegos.com\/juegos-de-memoria-online\/para-todos\" target=\"_blank\" rel=\"noopener\">Memo Juegos<\/a><br \/>\nGran variedad de juegos, con diferentes niveles.<\/p>\n<h3><span style=\"color: #ff0000;\">N\u00fameros<\/span><\/h3>\n<p><a href=\"https:\/\/nerdlegame.com\/\" target=\"_blank\" rel=\"noopener\">Nerdle\u00a0<\/a><br \/>\nDescubre la ecuaci\u00f3n oculta<\/p>\n<h3><span style=\"color: #ff0000;\">Mapas<\/span><\/h3>\n<p><a href=\"https:\/\/worldle.teuteuf.fr\/\" target=\"_blank\" rel=\"noopener\">Worldle<\/a><br \/>\nDescubre el pa\u00eds seg\u00fan su mapa<\/p>\n<p><a href=\"https:\/\/wordleunlimited.io\/globle-game\" target=\"_blank\" rel=\"noopener\">Globle\u00a0<\/a><br \/>\nDescubre el pa\u00eds secreto por claves de aproximaci\u00f3n<\/p>\n<h3><span style=\"color: #ff0000;\">Ajedrez<\/span><\/h3>\n<p><a href=\"https:\/\/gameknot.com\/\" target=\"_blank\" rel=\"noopener\">Gameknot<\/a><br \/>\nPlataforma para jugar ajedrez con oponentes del mundo entero<\/p>\n<p><a href=\"https:\/\/jackli.gg\/chessle\/\" target=\"_blank\" rel=\"noopener\">Chessle\u00a0<\/a><br \/>\nPuzzle ajedrec\u00edstico de aperturas<\/p>\n<h3><span style=\"color: #ff0000;\">Otros<\/span><\/h3>\n<p><a href=\"https:\/\/webgamesonline.com\/mastermind\/\" target=\"_blank\" rel=\"noopener\">Mastermind\u00a0<\/a><br \/>\nDescubre el patr\u00f3n de colores<\/p>\n<p><a href=\"https:\/\/websudoku.com\/\" target=\"_blank\" rel=\"noopener\">Sudoku\u00a0<\/a><br \/>\nJuega sudoku en l\u00ednea&#8230; cuatro niveles de dificultad y un reloj<\/p>\n<h3><span style=\"color: #ff0000;\">Recursos<\/span><\/h3>\n<p><a href=\"https:\/\/www.merriam-webster.com\/\" target=\"_blank\" rel=\"noopener\">Webster Dictionary<\/a><br \/>\nDiccionario ingl\u00e9s-ingl\u00e9s<\/p>\n<p><a href=\"https:\/\/www.wordreference.com\/\" target=\"_blank\" rel=\"noopener\">WordReference\u00a0<\/a><br \/>\nDiccionarios y tesauros en varios idiomas<\/p>\n<p><a href=\"https:\/\/dle.rae.es\/\" target=\"_blank\" rel=\"noopener\">Diccionario DLE\u00a0<\/a><br \/>\nDiccionario de la Lengua Espa\u00f1ola<\/p>\n","protected":false},"excerpt":{"rendered":"<p>Estos juegos mentales pueden ayudarte a desarrollar agilidad mental y conservar mejor tus capacidades. Vocabulario Wordle Descubre la palabra secreta en seis intentos (ingl\u00e9s) Palabra del d\u00eda Wordle en espa\u00f1ol &#8230;<\/p>\n","protected":false},"author":1,"featured_media":0,"parent":0,"menu_order":0,"comment_status":"closed","ping_status":"closed","template":"","meta":{"footnotes":""},"class_list":["post-2044","page","type-page","status-publish","hentry"],"_links":{"self":[{"href":"https:\/\/nilvem.com\/nilvem\/wp-json\/wp\/v2\/pages\/2044","targetHints":{"allow":["GET"]}}],"collection":[{"href":"https:\/\/nilvem.com\/nilvem\/wp-json\/wp\/v2\/pages"}],"about":[{"href":"https:\/\/nilvem.com\/nilvem\/wp-json\/wp\/v2\/types\/page"}],"author":[{"embeddable":true,"href":"https:\/\/nilvem.com\/nilvem\/wp-json\/wp\/v2\/users\/1"}],"replies":[{"embeddable":true,"href":"https:\/\/nilvem.com\/nilvem\/wp-json\/wp\/v2\/comments?post=2044"}],"version-history":[{"count":9,"href":"https:\/\/nilvem.com\/nilvem\/wp-json\/wp\/v2\/pages\/2044\/revisions"}],"predecessor-version":[{"id":2555,"href":"https:\/\/nilvem.com\/nilvem\/wp-json\/wp\/v2\/pages\/2044\/revisions\/2555"}],"wp:attachment":[{"href":"https:\/\/nilvem.com\/nilvem\/wp-json\/wp\/v2\/media?parent=2044"}],"curies":[{"name":"wp","href":"https:\/\/api.w.org\/{rel}","templated":true}]}}