{"id":2024,"date":"2023-10-31T20:08:20","date_gmt":"2023-10-31T20:08:20","guid":{"rendered":"https:\/\/nilvem.com\/nilvem\/?page_id=2024"},"modified":"2023-10-31T20:32:27","modified_gmt":"2023-10-31T20:32:27","slug":"contacto","status":"publish","type":"page","link":"https:\/\/nilvem.com\/nilvem\/contacto\/","title":{"rendered":"Contacto"},"content":{"rendered":"<p>Comenzamos cursos continuamente. Si no puedes tomarlo ahora, te enviaremos informaci\u00f3n oportunamente. Tambi\u00e9n compartiremos contigo art\u00edculos de inter\u00e9s para tu mejoramiento y aprendizaje.<\/p>\n<p>Tambi\u00e9n puedes contactarnos:<\/p>\n<p style=\"padding-left: 40px;\"><a href=\"tel:+17873474415\">Tel\u00e9fono<\/a><br \/>\n<a href=\"https:\/\/wa.me\/17873474417\" target=\"_blank\" rel=\"noopener\">WhatsApp<\/a><br \/>\n<a href=\"mailto:nilvem@gmail.com\">Enviar correo<\/a><\/p>\n<p>No vendemos ni compartimos informaci\u00f3n de contacto con nadie. Puedes ver nuestra <a href=\"https:\/\/nilvem.com\/nilvem\/politica-privacidad\/\">Pol\u00edtica de Privacidad<\/a>.<\/p>\n<style id=\"wpforms-css-vars-1478\">\n\t\t\t\t#wpforms-1478 {\n\t\t\t\t\n\t\t\t}\n\t\t\t<\/style><div class=\"wpforms-container wpforms-container-full wpforms-render-modern\" id=\"wpforms-1478\"><form id=\"wpforms-form-1478\" class=\"wpforms-validate wpforms-form wpforms-ajax-form\" data-formid=\"1478\" method=\"post\" enctype=\"multipart\/form-data\" action=\"\/nilvem\/wp-json\/wp\/v2\/pages\/2024\" data-token=\"ad7b1e02527c19eceeb3a4c6b5c783ae\" data-token-time=\"1778340603\"><noscript class=\"wpforms-error-noscript\">Por favor, activa JavaScript en tu navegador para completar este formulario.<\/noscript><div id=\"wpforms-error-noscript\" style=\"display: none;\">Por favor, activa JavaScript en tu navegador para completar este formulario.<\/div><div class=\"wpforms-field-container\"><div id=\"wpforms-1478-field_0-container\" class=\"wpforms-field wpforms-field-name\" data-field-id=\"0\"><fieldset><legend class=\"wpforms-field-label\">Nombre <span class=\"wpforms-required-label\" aria-hidden=\"true\">*<\/span><\/legend><div class=\"wpforms-field-row wpforms-field-medium\"><div class=\"wpforms-field-row-block wpforms-first wpforms-one-half\"><input type=\"text\" id=\"wpforms-1478-field_0\" class=\"wpforms-field-name-first wpforms-field-required\" name=\"wpforms[fields][0][first]\" aria-errormessage=\"wpforms-1478-field_0-error\" required><label for=\"wpforms-1478-field_0\" class=\"wpforms-field-sublabel after\">Nombre<\/label><\/div><div class=\"wpforms-field-row-block wpforms-one-half\"><input type=\"text\" id=\"wpforms-1478-field_0-last\" class=\"wpforms-field-name-last wpforms-field-required\" name=\"wpforms[fields][0][last]\" aria-errormessage=\"wpforms-1478-field_0-last-error\" required><label for=\"wpforms-1478-field_0-last\" class=\"wpforms-field-sublabel after\">Apellidos<\/label><\/div><\/div><\/fieldset><\/div><div id=\"wpforms-1478-field_1-container\" class=\"wpforms-field wpforms-field-email\" data-field-id=\"1\"><label class=\"wpforms-field-label\" for=\"wpforms-1478-field_1\">Email <span class=\"wpforms-required-label\" aria-hidden=\"true\">*<\/span><\/label><input type=\"email\" id=\"wpforms-1478-field_1\" class=\"wpforms-field-medium wpforms-field-required\" name=\"wpforms[fields][1]\" spellcheck=\"false\" aria-errormessage=\"wpforms-1478-field_1-error\" required><\/div><div id=\"wpforms-1478-field_2-container\" class=\"wpforms-field wpforms-field-textarea\" data-field-id=\"2\"><label class=\"wpforms-field-label\" for=\"wpforms-1478-field_2\">Mensaje <span class=\"wpforms-required-label\" aria-hidden=\"true\">*<\/span><\/label><textarea id=\"wpforms-1478-field_2\" class=\"wpforms-field-medium wpforms-field-required\" name=\"wpforms[fields][2]\" aria-errormessage=\"wpforms-1478-field_2-error\" required><\/textarea><\/div><\/div><!-- .wpforms-field-container --><div class=\"wpforms-recaptcha-container wpforms-is-hcaptcha\" ><div class=\"h-captcha\" data-sitekey=\"53dda6cc-c958-4263-9c13-e4b0b44ff5d9\"><\/div><input type=\"text\" name=\"g-recaptcha-hidden\" class=\"wpforms-recaptcha-hidden\" style=\"position:absolute!important;clip:rect(0,0,0,0)!important;height:1px!important;width:1px!important;border:0!important;overflow:hidden!important;padding:0!important;margin:0!important;\" data-rule-hcaptcha=\"1\"><\/div><div class=\"wpforms-submit-container\" ><input type=\"hidden\" name=\"wpforms[id]\" value=\"1478\"><input type=\"hidden\" name=\"page_title\" value=\"\"><input type=\"hidden\" name=\"page_url\" value=\"https:\/\/nilvem.com\/nilvem\/wp-json\/wp\/v2\/pages\/2024\"><input type=\"hidden\" name=\"url_referer\" value=\"\"><button type=\"submit\" name=\"wpforms[submit]\" id=\"wpforms-submit-1478\" class=\"wpforms-submit\" data-alt-text=\"Enviando...\" data-submit-text=\"Enviar\" aria-live=\"assertive\" value=\"wpforms-submit\">Enviar<\/button><img loading=\"lazy\" decoding=\"async\" src=\"https:\/\/nilvem.com\/nilvem\/wp-content\/plugins\/wpforms-lite\/assets\/images\/submit-spin.svg\" class=\"wpforms-submit-spinner\" style=\"display: none;\" width=\"26\" height=\"26\" alt=\"Cargando\"><\/div><\/form><\/div>  <!-- .wpforms-container -->\n","protected":false},"excerpt":{"rendered":"<p>Comenzamos cursos continuamente. Si no puedes tomarlo ahora, te enviaremos informaci\u00f3n oportunamente. Tambi\u00e9n compartiremos contigo art\u00edculos de inter\u00e9s para tu mejoramiento y aprendizaje. Tambi\u00e9n puedes contactarnos: Tel\u00e9fono WhatsApp Enviar correo &#8230;<\/p>\n","protected":false},"author":1,"featured_media":0,"parent":0,"menu_order":0,"comment_status":"closed","ping_status":"closed","template":"","meta":{"footnotes":""},"class_list":["post-2024","page","type-page","status-publish","hentry"],"_links":{"self":[{"href":"https:\/\/nilvem.com\/nilvem\/wp-json\/wp\/v2\/pages\/2024","targetHints":{"allow":["GET"]}}],"collection":[{"href":"https:\/\/nilvem.com\/nilvem\/wp-json\/wp\/v2\/pages"}],"about":[{"href":"https:\/\/nilvem.com\/nilvem\/wp-json\/wp\/v2\/types\/page"}],"author":[{"embeddable":true,"href":"https:\/\/nilvem.com\/nilvem\/wp-json\/wp\/v2\/users\/1"}],"replies":[{"embeddable":true,"href":"https:\/\/nilvem.com\/nilvem\/wp-json\/wp\/v2\/comments?post=2024"}],"version-history":[{"count":5,"href":"https:\/\/nilvem.com\/nilvem\/wp-json\/wp\/v2\/pages\/2024\/revisions"}],"predecessor-version":[{"id":2028,"href":"https:\/\/nilvem.com\/nilvem\/wp-json\/wp\/v2\/pages\/2024\/revisions\/2028"}],"wp:attachment":[{"href":"https:\/\/nilvem.com\/nilvem\/wp-json\/wp\/v2\/media?parent=2024"}],"curies":[{"name":"wp","href":"https:\/\/api.w.org\/{rel}","templated":true}]}}