{"id":1795,"date":"2023-02-09T18:41:03","date_gmt":"2023-02-09T18:41:03","guid":{"rendered":"https:\/\/nilvem.com\/nilvem\/?page_id=1795"},"modified":"2026-01-28T12:56:16","modified_gmt":"2026-01-28T16:56:16","slug":"mitos-y-verdades-de-la-lectura-veloz-2","status":"publish","type":"page","link":"https:\/\/nilvem.com\/nilvem\/mitos-y-verdades-de-la-lectura-veloz-2\/","title":{"rendered":"Mitos y verdades de la Lectura Veloz"},"content":{"rendered":"<p>Es seguro que tienes muchas dudas acerca de la Lectura Veloz. Te habr\u00e1s preguntado si realmente funciona, si ser\u00e1 un enga\u00f1o, si se podr\u00e1 leer m\u00e1s r\u00e1pido pero se perder\u00e1 la comprensi\u00f3n. En este art\u00edculo vamos a aclarar todos esos mitos y verdades de la Lectura Veloz, uno por uno.<\/p>\n<h4><b>Or\u00edgenes de las dudas<\/b><\/h4>\n<p>Encontramos dos causas para las dudas acerca de la Lectura Veloz:<\/p>\n<ul>\n<li>El sistema educativo considera dominada la destreza de la lectura en el momento en que aprendimos a leer en voz baja. Esto ocurre alrededor del segundo o tercer grado de escuela elemental. De ah\u00ed en adelante, es poco o nada lo que se trabaja para que esa lectura sea m\u00e1s eficiente. Nos convencemos, por tanto, de que ya leemos lo mejor que lo podemos hacer y no podemos hacer nada para mejorarlo. Es f\u00e1cil comprender que un sistema educativo que ense\u00f1a mal la destreza m\u00e1s importante para el aprendizaje, va a elaborar sus propias defensas, por lo que no es de extra\u00f1ar que la versi\u00f3n oficial de la academia sea contraria al posible mejoramiento de la lectura a trav\u00e9s de las t\u00e9cnicas de Lectura Veloz.<\/li>\n<li>Las promesas comerciales de ciertos promotores de sistemas dudosos de aceleraci\u00f3n de la lectura, que prometen milagros en poco tiempo y sin esfuerzo. Dondequiera hay personas inescrupulosas que hacen promesas falsas y venden mercanc\u00eda de menor calidad con tal de hacer grandes ganancias aunque no cumplan lo ofrecido.<\/li>\n<\/ul>\n<p>Este art\u00edculo te va a ayudar a separar el grano de la paja. Veamos los mitos uno por uno.<!--more--><\/p>\n<h3>Mitos y verdades de la Lectura Veloz<\/h3>\n<p><b>Mito #1<\/b>\u00a0&#8211;<i>\u00a0\u00abNo funciona.\u00bb<\/i><\/p>\n<p><b>Verdad<\/b> &#8211; Puede ser cierto y puede ser falso. Es cierto que no funciona si se toma alguno de los muchos \u00abatrechos\u00bb que se anuncian el televisi\u00f3n, Internet y otros lugares, donde se pretende que en un d\u00eda o dos, sin pr\u00e1ctica ni ex\u00e1menes, se va a lograr un \u00abmilagro\u00bb. Tambi\u00e9n ser\u00eda cierto con un curso como el nuestro, si el estudiante cree que va a lograr resultados sin poner de su parte, sin comprometerse consigo mismo en cambiar la forma antigua de lectura por la nueva. La Lectura Veloz es una forma m\u00e1s eficiente de leer que, para que sustituya la forma anticuada y lenta, tiene que ser trabajada como un proceso de reaprendizaje, donde el esfuerzo, la pr\u00e1ctica y la comprobaci\u00f3n continua de los avances son parte tan importante como la t\u00e9cnica en s\u00ed.<\/p>\n<p><b>Mito #2\u00a0<\/b>&#8211;\u00a0<i>\u00abDe lo que se trata es de mover los ojos r\u00e1pido.\u00bb<\/i><\/p>\n<p><b>Verdad\u00a0<\/b>&#8211; La Lectura Veloz es mucho m\u00e1s que mover los ojos r\u00e1pido. De hecho, si se pasa la vista r\u00e1pido por las p\u00e1ginas, solamente \u00abviendo\u00bb pero no interpretando, entonces no se est\u00e1 leyendo realmente. Por eso muchos de los sistemas \u00abmilagrosos\u00bb fracasan, pues confunden el proceso de la lectura y no producen una comprensi\u00f3n ni retenci\u00f3n de lo le\u00eddo. Debes ser muy cuidadoso con ciertos \u00absoftwares\u00bb que se anuncian mucho, as\u00ed como con cualquier m\u00e9todo que no ofrezca comprobaci\u00f3n inmediata de la comprensi\u00f3n de lo le\u00eddo. El hecho es que podemos leer a una velocidad muy superior a la que aprendimos originalmente, sobre todo si eliminamos factores como la subvocalizaci\u00f3n (ir diciendo bajito, para nosotros, lo que estamos leyendo), la lectura sil\u00e1bica y la regresi\u00f3n (ir leyendo y releyendo continuamente).<\/p>\n<p><b>Mito #3<\/b>\u00a0&#8211;\u00a0<i>\u00abAl leer r\u00e1pido se pierde comprensi\u00f3n.\u00bb<\/i><\/p>\n<p><b>Verdad<\/b>\u00a0&#8211; Esto es falso, pues, como cuesti\u00f3n de hecho, es la lectura lenta y fraccionada la principal causa de distracci\u00f3n, p\u00e9rdida de concentraci\u00f3n y baja comprensi\u00f3n lectora. La Lectura Veloz no ense\u00f1a a hacerlo r\u00e1pido sin entender, porque eso no puede llamarse siquiera lectura. La Lectura Veloz es un proceso de hacer m\u00e1s eficiente la lectura, por eso tiene como consecuencia siempre -y esto lo hemos comprobado d\u00eda a d\u00eda por muchos a\u00f1os- hay un aumento en la comprensi\u00f3n a la par con la velocidad.<\/p>\n<p>La clave de la velocidad en Lectura Veloz no est\u00e1, como muchos piensan, en ir r\u00e1pido, si no en captar palabras enteras y frases en el tiempo que ahora captas s\u00f3lo s\u00edlabas lo que permite una mayor concentraci\u00f3n y, por ende, una mejor comprensi\u00f3n. Por otro lado, nuestro curso no trabaja \u00fanicamente con las t\u00e9cnicas de aceleraci\u00f3n lectora, pues unido a eso ofrecemos un entrenamiento en un avanzado M\u00e9todo de Estudio para mejorar sistem\u00e1ticamente la comprensi\u00f3n y ense\u00f1amos tambi\u00e9n c\u00f3mo usar la Memoria eficazmente para asegurar la retenci\u00f3n.<\/p>\n<p><b>Mito # 4\u00a0<\/b>&#8211;<i>\u00a0\u00abDe lo que se trata es de \u00ableer por encima\u00bb (\u00abskimming\u00bb), escanear el texto y leer solamente las palabras importantes.\u00bb<\/i><\/p>\n<p><b>Verdad<\/b>\u00a0&#8211; Eso es falso, aunque no podemos negar que hay quienes ense\u00f1an eso. Leer \u00abpor encima\u00bb, conocido en ingl\u00e9s com \u00abskimming\u00bb, o escanear el texto leyendo algunas oraciones o subt\u00edtulos son t\u00e9cnicas de utilidad en el proceso de la Prelectura, pero no substituyen la lectura ni constituyen la Lectura Veloz. A trav\u00e9s de esas t\u00e9cnicas se puede lograr cierta familiaridad con el texto y se puede tener una idea general del contenido, pero para lograr comprensi\u00f3n hay que leer todo el texto.<\/p>\n<p>La lectura salteada de palabras \u00abgatillo&#8217;, un m\u00e9todo muy favorecido por proponentes de sistemas de muy dudosa calidad, simplemente no sirve para nada. La lectura, para lograr verdadera comprensi\u00f3n, requiere fijarse y conectar todo el texto, pues no puede construirse el significado sin todos los componentes de la oraci\u00f3n.<\/p>\n<p>La Lectura Veloz es la lectura m\u00e1s eficiente de TODO el texto, para lograr una mayor comprensi\u00f3n y plena retenci\u00f3n.<\/p>\n<p><b>Mito #5\u00a0<\/b>&#8211;<i>\u00a0\u00abLos resultados que se consiguen no perduran.\u00bb<\/i><\/p>\n<p><b>Verdad<\/b> &#8211; Esto puede ser verdad si se refiere a una de esas soluciones rapiditas que se venden por ah\u00ed, como \u00absoftware\u00bb (hay uno que se vende en menos de $15.00), o como seminarios de uno o dos d\u00edas. Un curso como el nuestro, que dura ocho semanas, provee de tiempo suficiente para aprender y dominar las t\u00e9cnicas, para practicarlas tanto con el material del curso como con las lecturas propias, y, adem\u00e1s, comprobar los resultados a trav\u00e9s de varios ex\u00e1menes de velocidad y comprensi\u00f3n de la lectura.<\/p>\n<p><b>Mito #6\u00a0<\/b>&#8211;<i>\u00a0\u00abHay que leer cada palabra de izquierda a derecha para entenderlas bien.\u00bb<\/i><\/p>\n<p><b>Verdad<\/b> &#8211; Falso. Si eso fuera cierto, no podr\u00edas entender los siguientes p\u00e1rrafos:<\/p>\n<blockquote style=\"padding-left: 40px;\"><p>Csai nncua pseanoms en tdoa la caacpiadd que tenie neusrto creerbo.<\/p>\n<p>Por eejmlpo, el hcheo de que peuads etnenedr etse txteo que e\u00e1tss lyedeno, dnode se ha cmaabido el odern de las laerts dertno de cdaa parabla, es eevidcnia de que tu crbereo pduee cpaatr el snetdio sin tneer que ir ltera por ltrea ni sabl\u00eda por sla\u00edba.<\/p>\n<p>Oevsrba, ae\u00e1mds, que meinrtas m\u00e1s rpid\u00e1o lees etse ttexo, meojr etineneds lo que dcie. T\u00fa pedeus leer de una frmoa muhco m\u00e1s ecfiietne -mcuho m\u00e1s rp\u00e1dio y con meojr cmopenrs\u00f3in- si arpneeds a leer con el mto\u00e9do de la Lcetrua Vloez.<\/p><\/blockquote>\n<p>Tenemos la capacidad de descifrar el significado mirando el conjunto y la lectura sil\u00e1bica lo que produce es distracci\u00f3n y baja comprensi\u00f3n.<\/p>\n<p><b>Mito #7<\/b>\u00a0&#8211;\u00a0<i>\u00abLee despacio, detenidamente, para que entiendas bien.\u00bb<\/i><\/p>\n<p><b>Verdad\u00a0<\/b>&#8211; \u00bfRecuerdas lo que dec\u00eda la maestra de cuarto grado? Pues, afortunadamente, no ten\u00eda raz\u00f3n y todav\u00eda est\u00e1s a tiempo de corregirla. La lectura lenta lo que produce en distracci\u00f3n, la p\u00e9rdida continua del hilo conductor y el tener que estar releyendo continuamente. Solo quien lee en forma global, por unidades de sentido, a una velocidad saludable, puede lograr completa concentraci\u00f3n y, por ende, m\u00e1xima comprensi\u00f3n.<\/p>\n<p><b>Mito #8<\/b>\u00a0&#8211;\u00a0<i>\u00abSi leo r\u00e1pido no voy a disfrutar la lectura.\u00bb<\/i><\/p>\n<p><b>Verdad\u00a0<\/b>&#8211; Falso tambi\u00e9n. En primer lugar, la mayor\u00eda de los lectores lentos no disfrutan la lectura porque, simplemente, no leen. La lectura les resulta tan tediosa y poco productiva, que la dejan a un lado. Quisieran leer, pero no lo hacen y eso, claramente, no tiene nada que ver con disfrutar la lectura. Esto es particularmente cr\u00edtico con los m\u00e1s j\u00f3venes, acostumbrados a que todo es r\u00e1pido, menos la lectura, la cual terminan odiando.<\/p>\n<p>Para disfrutar la lectura no hay nada como saber cu\u00e1ndo se empieza y cuando se va a terminar, porque terminarla no va a ser un problema. Comenzar un libro y terminarlo en un tiempo razonable para poder comenzar otro es el verdadero disfrute de la lectura, y eso solo se consigue con un m\u00e9todo de lectura eficiente y r\u00e1pido.<\/p>\n<p>Ahora que haz visto la falsedad de estos ocho mitos, \u00bfqu\u00e9 vas a hacer para manejar la enorme cantidad de lecturas que tienes que hacer para mantenerte al d\u00eda? \u00bfVas a seguir lament\u00e1ndote de que no tienes tiempo para leer todo lo que quisieras leer?<\/p>\n<p>Haz la mejor inversi\u00f3n de tu tiempo y dinero: comienza ya el curso de <a href=\"https:\/\/nilvem.com\/nilvem\/?page_id=1620\"><strong>Lectura Veloz, M\u00e9todo de Estudio y Memoria<\/strong><\/a>.<\/p>\n","protected":false},"excerpt":{"rendered":"<p>Es seguro que tienes muchas dudas acerca de la Lectura Veloz. Te habr\u00e1s preguntado si realmente funciona, si ser\u00e1 un enga\u00f1o, si se podr\u00e1 leer m\u00e1s r\u00e1pido pero se perder\u00e1 &#8230;<\/p>\n","protected":false},"author":1,"featured_media":1798,"parent":0,"menu_order":0,"comment_status":"closed","ping_status":"closed","template":"","meta":{"footnotes":""},"class_list":["post-1795","page","type-page","status-publish","has-post-thumbnail","hentry"],"_links":{"self":[{"href":"https:\/\/nilvem.com\/nilvem\/wp-json\/wp\/v2\/pages\/1795","targetHints":{"allow":["GET"]}}],"collection":[{"href":"https:\/\/nilvem.com\/nilvem\/wp-json\/wp\/v2\/pages"}],"about":[{"href":"https:\/\/nilvem.com\/nilvem\/wp-json\/wp\/v2\/types\/page"}],"author":[{"embeddable":true,"href":"https:\/\/nilvem.com\/nilvem\/wp-json\/wp\/v2\/users\/1"}],"replies":[{"embeddable":true,"href":"https:\/\/nilvem.com\/nilvem\/wp-json\/wp\/v2\/comments?post=1795"}],"version-history":[{"count":6,"href":"https:\/\/nilvem.com\/nilvem\/wp-json\/wp\/v2\/pages\/1795\/revisions"}],"predecessor-version":[{"id":2558,"href":"https:\/\/nilvem.com\/nilvem\/wp-json\/wp\/v2\/pages\/1795\/revisions\/2558"}],"wp:featuredmedia":[{"embeddable":true,"href":"https:\/\/nilvem.com\/nilvem\/wp-json\/wp\/v2\/media\/1798"}],"wp:attachment":[{"href":"https:\/\/nilvem.com\/nilvem\/wp-json\/wp\/v2\/media?parent=1795"}],"curies":[{"name":"wp","href":"https:\/\/api.w.org\/{rel}","templated":true}]}}