{"id":1569,"date":"2022-03-25T10:48:29","date_gmt":"2022-03-25T10:48:29","guid":{"rendered":"https:\/\/nilvem.com\/nilvem\/?page_id=1569"},"modified":"2025-04-26T12:13:16","modified_gmt":"2025-04-26T16:13:16","slug":"testimonios","status":"publish","type":"page","link":"https:\/\/nilvem.com\/nilvem\/testimonios\/","title":{"rendered":"Testimonios"},"content":{"rendered":"<p>A continuaci\u00f3n puedes leer algunos testimonios de nuestros estudiantes.<\/p>\n<p>Sobre el curso:<\/p>\n<p>Nunca hab\u00eda tomado un curso de t\u00e9cnicas de estudio, y aunque siempre sal\u00ed bien los estudios, tengo que reconocer que, si hubiese sido expuesta a este me curso hace 20 a\u00f1os, me hubiera ahorrado\u00a0 muchas horas frente a los libros. Considero que este curso deber\u00eda darse en los colegios y escuelas como parte del curr\u00edculo regular. No es cu\u00e1nto estudias, sino c\u00f3mo y cu\u00e1n efectivo eres lo que hace la diferencia.<\/p>\n<p style=\"padding-left: 30px;\"><em>Mar\u00eda del Mar<\/em><\/p>\n<p>No hab\u00eda pensado mucho en el asunto, de hecho, asist\u00ed a la clase demostrativa para acompa\u00f1ar a mi novia. Fue al ver all\u00ed c\u00f3mo era que funcionaba el asunto de la Lectura Veloz que me di cuenta de que quiz\u00e1 s\u00ed era algo que yo necesitaba. Ahora, al terminar el curso me alegro de haberme dado la oportunidad, pues el cambio es extraordinario.<\/p>\n<p style=\"padding-left: 30px;\"><em>Ismael<\/em><\/p>\n<p>Hab\u00eda escuchado muchas cosas que me hac\u00edan desconfiar de lo que se puede lograr en un curso como este. Pero en NILVEM me explicaron todo con mucha claridad, por lo que me decid\u00ed a tomar el curso. No solamente no me arrepiento, sino que lo recomiendo a toda persona que quiera aprender a usar el tiempo de lectura y estudio en forma eficiente.<\/p>\n<p style=\"padding-left: 30px;\"><em>Lourdes<\/em><\/p>\n<p>Nunca pens\u00e9 que en un verano podr\u00eda aprender tanto. Ahora me siento preparado para el pr\u00f3ximo a\u00f1o escolar, no como antes, que siempre empezaba perdido. No s\u00f3lo he hecho las lecturas asignadas para el verano, sino que comenc\u00e9 con las del pr\u00f3ximo semestre y, al paso que llevo, me las termino antes de agosto.<\/p>\n<p style=\"padding-left: 30px;\"><em>Luis<\/em><\/p>\n<p>Si alguien me pregunta si recomiendo este curso, le dir\u00eda que definitivamente, este no ser\u00e1 \u2018un curso m\u00e1s\u2019.<\/p>\n<p style=\"padding-left: 30px;\"><em>In\u00e9s<\/em><\/p>\n<p>El curso fue muy interesante y divertido. El ambiente de la clase fue uno muy relajado, me sent\u00ed motivado a tratar mi cien en aprender y aplicarlo a la lectura.<\/p>\n<p style=\"padding-left: 30px;\"><em>Mois\u00e9s<\/em><\/p>\n<p>En mis lecturas fuera de la sala de clase he considerado una mejor\u00eda en el tiempo utilizado. Esto lo pude comprobar el d\u00eda que tom\u00e9 el examen de certificaci\u00f3n de maestros. Pod\u00eda leer los distintos \u00edtems de manera m\u00e1s r\u00e1pida, contestar y tener tiempo suficiente para revisar lo contestado.<\/p>\n<p style=\"padding-left: 30px;\"><em>Desire\u00e9<\/em><\/p>\n<p>Es muy gratificante ver que uno puede hacer cosas que antes pens\u00f3 que eran imposibles. El curso me llev\u00f3 a usar mi capacidad de analizar, de organizar, y de memorizar a un punto que nunca cre\u00ed podr\u00eda. Sent\u00ed que mi cerebro iba a mil revoluciones por minuto. \u00a1Es incre\u00edble, pero cierto!<\/p>\n<p style=\"padding-left: 30px;\"><em>Ada<\/em><\/p>\n<p>El curso me gust\u00f3 mucho porque me dio la habilidad de mejorar la velocidad a la que le\u00eda antes. Lo comprob\u00e9 porque en un solo d\u00eda pude leer una novela completa; y no es tan solo que la pude leer r\u00e1pido,sino que cuando termin\u00e9 la hab\u00eda entendido y pude hacer hasta un resumen sin tener necesidad de volver a leerla.<\/p>\n<p style=\"padding-left: 30px;\"><em>Jessica<\/em><\/p>\n<p>El curso, gracias a Dios, ya est\u00e1 dando resultados. Diagram\u00e9 todas las notas que tom\u00e9 del curso Puerto Rico I e hice im\u00e1genes mentales, y en el segundo examen parcial obtuve excelente calificaci\u00f3n. \u00a1Lo mejor es que me acuerdo de todo!<\/p>\n<p style=\"padding-left: 30px;\"><em>Naida<\/em><\/p>\n<p>Como estudiante del Programa de Honor he tomado cursos que me han ayudado en mi enriquecimiento personal y educativo. Sin duda alguna, puedo destacar de entre ellos el curso de Lectura Veloz, M\u00e9todo de Estudio y Memoria. En mi opini\u00f3n, puedo clasificar el curso como innovador, retador y pr\u00e1ctico, aparte de que es sumamente educativo e interesante.<\/p>\n<p style=\"padding-left: 30px;\"><em>Yelitza<\/em><\/p>\n<p>El curso me gust\u00f3 mucho porque me dio la habilidad de mejorar la velocidad a la que le\u00eda antes. Lo comprob\u00e9 porque en un solo d\u00eda pude leer una novela completa; y no es tan solo que la pude leer r\u00e1pido,sino que cuando termin\u00e9 la hab\u00eda entendido y pude hacer hasta un resumen sin tener necesidad de volver a leerla.<\/p>\n<p style=\"padding-left: 30px;\"><em>Jessica<\/em><\/p>\n<p>Me agrad\u00f3 que el profesor respaldara con datos cient\u00edficos todo lo que propon\u00eda. Est\u00e1 en dominio total de la materia, se nota y es agradable saber que la persona que imparte el conocimiento y te ayuda en el momento de adquirir la destreza es una persona comprometida que sabe lo que tiene en las manos. Es un profesor motivador\u2026 y que se ocupa de que el estudiante progrese y entienda.<\/p>\n<p style=\"padding-left: 30px;\"><em>In\u00e9s<\/em><\/p>\n<p>Como estudiante del Programa de Honor he tomado cursos que me han ayudado en mi enriquecimiento personal y educativo. Sin duda alguna, puedo destacar de entre ellos el curso de Lectura Veloz, M\u00e9todo de Estudio y Memoria. En mi opini\u00f3n, puedo clasificar el curso como innovador, retador y pr\u00e1ctico, aparte de que es sumamente educativo e interesante.<\/p>\n<p style=\"padding-left: 30px;\"><em>Yelitza<\/em><\/p>\n<p>De todos los cursos que he tomado, \u00e9ste es sin duda alguna uno de los mejores. Lo aprendido aqu\u00ed me ha ayudado tanto en el \u00e1mbito acad\u00e9mico como en mi vida cotidiana. No ser\u00eda mala idea que la administraci\u00f3n de la universidad tomara en cuenta ofrecer este curso a los estudiantes de nuevo ingreso, ya que lo aprendido aqu\u00ed se puede poner en pr\u00e1ctica en las otras clases.<\/p>\n<p style=\"padding-left: 30px;\"><em>Damaris<\/em><\/p>\n<p>No pensaba que pod\u00eda existir un m\u00e9todo tan efectivo para ayudarme a leer m\u00e1s r\u00e1pido y sin tener que releer las oraciones para asegurarme de lo que acababa de leer&#8230; no sab\u00eda cu\u00e1n f\u00e1cil pod\u00eda ser memorizar gran cantidad de datos&#8230;<\/p>\n<p style=\"padding-left: 30px;\"><em>Jeanette<\/em><\/p>\n<p>No me arrepiento de haber tomado tan buena decisi\u00f3n. Este es un curso muy pr\u00e1ctico y por eso me gust\u00f3 mucho. No me imagin\u00e9 jam\u00e1s que este curso ser\u00eda tan interesante y provechoso. En fin, fue una experiencia inolvidable y muy grata.<\/p>\n<p style=\"padding-left: 30px;\"><em>Damaris<\/em><\/p>\n<p>El curso fue muy interesante y divertido. El ambiente de la clase fue uno muy relajado, me sent\u00ed motivado a tratar mi cien en aprender y aplicarlo a la lectura.<\/p>\n<p style=\"padding-left: 30px;\"><em>Mois\u00e9s<\/em><\/p>\n<p>El curso ha superado mis expectativas, he aprendido mucho m\u00e1s de lo que esperaba.<\/p>\n<p style=\"padding-left: 30px;\"><em>Anarilis<\/em><\/p>\n<p>Las destrezas ense\u00f1adas de lectura veloz y memoria fueron unas totalmente nuevas para m\u00ed. Entiendo que las mismas ser\u00e1n de mucho provecho en mi carrera profesional y lo que me queda de carrera universitaria. Le recomendar\u00eda el curso a cualquier persona.<\/p>\n<p style=\"padding-left: 30px;\"><em>Erik<\/em><\/p>\n<p>El curso, gracias a Dios, ya est\u00e1 dando resultados. Diagram\u00e9 todas las notas que tom\u00e9 del curso Puerto Rico I e hice im\u00e1genes mentales, y en el segundo examen parcial obtuve excelente calificaci\u00f3n. \u00a1Lo mejor es que me acuerdo de todo!<\/p>\n<p style=\"padding-left: 30px;\"><em>Naida<\/em><\/p>\n<p>He podido notar que desde que comenc\u00e9 el curso se me hace m\u00e1s f\u00e1cil memorizar cosas de cualquier tipo. Estoy utilizando las estrategias que el profesor nos ense\u00f1\u00f3. Me gust\u00f3 que no fuera tan solo una estrategia, sino varias, porque as\u00ed podemos variar y no aburrirnos utilizando siempre la misma rutina.<\/p>\n<p style=\"padding-left: 30px;\"><em>In\u00e9s<\/em><\/p>\n<p>Es un curso que se puede aplicar en cualquier \u00e1rea, no se queda guardado en la memoria, sino que se utiliza bastante. Gracias a los conocimientos adquiridos en el curso mis repasos de examen son m\u00e1s cortos y me ocupan menos p\u00e1ginas. El estudiar se me hace m\u00e1s f\u00e1cil y organizado.<\/p>\n<p style=\"padding-left: 30px;\"><em>Melissa<\/em><\/p>\n<p>El material tratado en el curso fue muy relevante, todas las destrezas aprendidas en el curso las aplicaba inmediatamente en mis otros cursos de la universidad. Sent\u00ed que mi memoria ha mejorado y puedo dedicarle menos tiempo al estudio con m\u00e1s concentraci\u00f3n y provecho.<\/p>\n<p style=\"padding-left: 30px;\"><em>Mois\u00e9s<\/em><\/p>\n<p>El tiempo de estudio que le dedicaba a los ex\u00e1menes ha disminuido grandemente en el transcurso de este semestre y lo que aprendo con estas t\u00e9cnicas de memoria no se me olvida, en comparaci\u00f3n con etapas de estudio anteriores.<\/p>\n<p style=\"padding-left: 30px;\"><em>Josu\u00e9<\/em><\/p>\n<p>El curso me ha ayudado en otras clases y en mi trabajo. Ya que yo trabajo con muchos n\u00fameros y se me hace f\u00e1cil memorizarlos.<\/p>\n<p><em>Jeslie<\/em><\/p>\n<p>Antes ten\u00eda miedo cada vez que me mandaban una asignaci\u00f3n de leer una novela, pero ahora soy el primero que termina siempre&#8230;<\/p>\n<p style=\"padding-left: 30px;\"><em>Jos\u00e9 Rivera, Estudiante 10mo. grado<\/em><\/p>\n<p>Estoy seguro de que el aprendizaje adquirido me ser\u00e1 de provecho&#8230; ya he utilizado los m\u00e9todos en mis clases.<\/p>\n<p style=\"padding-left: 30px;\"><em>Hernando<\/em><\/p>\n<p>El curso me gust\u00f3 mucho porque me dio la habilidad de mejorar la velocidad a la que le\u00eda antes. Lo comprob\u00e9 porque en un solo d\u00eda pude leer la novela Felices D\u00edas T\u00edo Sergio, y no tan solo que la pude leer r\u00e1pido, sino que cuando termin\u00e9 la hab\u00eda entendido y pude hacer hasta un resumen ni tener necesidad de volver a leerla.<\/p>\n<p style=\"padding-left: 30px;\"><em>Jessica<\/em><\/p>\n<p>Tambi\u00e9n despert\u00f3 en m\u00ed el gusto de leer. Anteriormente, no me gustaba leer, solo las revistas&#8230; ahora me gusta leer de todo. Sus t\u00e9cnicas me han ayudado mucho en los cursos de Historia y Espa\u00f1ol.<\/p>\n<p style=\"padding-left: 30px;\"><em>Jeslie<\/em><\/p>\n<p>El curso me ha servido much\u00edsimo, especialmente la forma de resum\u00ed lo m\u00e1s importante en diagramas, el alfabeto num\u00e9rico para memorizar y las fijaciones que hacemos al leer, cosa que hago much\u00edsimo en mi concentraci\u00f3n de Biolog\u00eda, pues tengo que aprender mucha terminolog\u00eda y funciones, que gracias a las t\u00e9cnicas dadas en el curso he incrementado mi capacidad de entendimiento y aprendizaje en las dem\u00e1s materias que estudio actualmente.<\/p>\n<p style=\"padding-left: 30px;\"><em>Yelitza<\/em><\/p>\n<p>En mis lecturas fuera de la sala de clase he considerado una mejor\u00eda en el tiempo utilizado. Esto lo pude comprobar el d\u00eda que tom\u00e9 el examen de certificaci\u00f3n de maestros. Pod\u00eda leer los distintos \u00edtems de manera m\u00e1s r\u00e1pida, contestar y tener tiempo suficiente para revisar lo contestado.<\/p>\n<p style=\"padding-left: 30px;\"><em>Desir\u00e9e<\/em><\/p>\n<p>Me ayud\u00f3 mucho en mis clases, especialmente espa\u00f1ol, ya que ten\u00eda que leer una novela y no dispon\u00eda de mucho tiempo.<\/p>\n<p style=\"padding-left: 30px;\"><em>Yanitza<\/em><\/p>\n<p>El m\u00e9todo que utiliz\u00f3 [el profesor] para ense\u00f1arnos todo lo dado en el curso me agrad\u00f3 mucho. Present\u00f3 todo de una manera entendible y sencilla. Hizo que le curso fuera m\u00e1s llevadero y no aburrido.<\/p>\n<p style=\"padding-left: 30px;\"><em>Jeanette<\/em><\/p>\n<p>Lo que m\u00e1s me gust\u00f3 del curso es la forma en que se desarroll\u00f3 la clase. El profesor como facilitador y gu\u00eda instruccional fue excelente. Sin duda alguna, domina ampliamente estas t\u00e9cnicas y su elevada dedicaci\u00f3n en encontrar las mejores palabras para transmitir e impartir la ense\u00f1anza me encant\u00f3.<\/p>\n<p style=\"padding-left: 30px;\"><em>Naida<\/em><\/p>\n<p>\u00bfQu\u00e9 es una clase sin un buen profesor? Nada. Creo que una de las cosas que hizo que este curso fuese divertido e interesante es el dinamismo y el dominio que tiene el profesor en la materia. No es f\u00e1cil mantener a los estudiantes motivados e interesados durante cuatro horas y nuestro profesor a trav\u00e9s de diferentes t\u00e9cnicas y estrategias logr\u00f3 captar nuestra atenci\u00f3n. Se pod\u00eda percibir el respeto y la buena comunicaci\u00f3n entre profesor y estudiante, factor importante en el proceso de ense\u00f1anza-aprendizaje.<\/p>\n<p style=\"padding-left: 30px;\"><em>Damaris<\/em><\/p>\n<p>El profesor explic\u00f3 de manera clara y concisa las destrezas de lectura y memoria. Adem\u00e1s, encuentro que el material provisto por el profesor y las ayudas visuales fueron de mucha ayuda.<\/p>\n<p style=\"padding-left: 30px;\"><em>Erik<\/em><\/p>\n<p>Desde el comienzo de este curso el Profesor Jos\u00e9 R. Fortu\u00f1o ha hecho todo lo que ha de esperarse en un curso universitario. El nos dio un prontuario especificando el contenido del curso y nos ha dado las clases en el orden que est\u00e1 especificado y a un paso al que todos nos hemos podido adaptar. La clase nunca se desv\u00eda del material del curso.<\/p>\n<p style=\"padding-left: 30px;\"><em>Jorge<\/em><\/p>\n<p>Lo m\u00e1s importante que pude observar, que ning\u00fan profesor hace, es que el profesor iba individualmente para ver el proceso de cada estudiante y lo ayudaba a mejorar&#8230;<\/p>\n<p style=\"padding-left: 30px;\"><em>Milagros<\/em><\/p>\n<p>Como profesor es excelente, tiene los conocimientos y logra llegar al estudiante.<\/p>\n<p style=\"padding-left: 30px;\"><em>Melissa<\/em><\/p>\n<p>Me agrad\u00f3 que el profesor respaldara con datos cient\u00edficos todo lo que propon\u00eda. Est\u00e1 en dominio total de la materia, se nota y es agradable saber que la persona que imparte el conocimiento y te ayuda en el momento de adquirir la destreza es una persona comprometida que sabe lo que tiene en las manos. Es un profesor motivador&#8230; y que se ocupa de que el estudiante progrese y entienda.<\/p>\n<p style=\"padding-left: 30px;\"><em>In\u00e9s S.<\/em><\/p>\n<p>En cuanto al profesor es muy bueno y din\u00e1mico. Es interesante tomar una clase con usted, ya que es muy activo y siempre nos mantiene trabajando. Aunque nos da mucho trabajo, es interesante aprender cosas nuevas y aplicarlas en otras materias y cursos que tomo. Tiene una forma de ense\u00f1ar muy interesante.<\/p>\n<p style=\"padding-left: 30px;\"><em>Jeslie<\/em><\/p>\n<p>En una clase de cuatro horas el estudiante tiende a aburrirse o cansarse. No en esta. El profesor siempre han logrado capturar la atenci\u00f3n de la clase y mantenerla durante las cuatro horas. Esto es mayormente porque \u00e9l hace que la discusi\u00f3n sea din\u00e1mica y entretenida.<\/p>\n<p style=\"padding-left: 30px;\"><em>Jorge<\/em><\/p>\n<p>El profesor siempre estuvo disponible para ayudarnos y para aclarar nuestras dudas&#8230; nos motiv\u00f3 y nos ense\u00f1\u00f3 con ejemplos&#8230; nos tuvo siempre atentos&#8230;<\/p>\n<p style=\"padding-left: 30px;\"><em>Anarilis<\/em><\/p>\n<p>Mi hijo no le\u00eda&#8230; sab\u00eda leer, claro, pero nunca le\u00eda. Luego de que tom\u00f3 el Curso de Lectura Veloz, se ha convertido en un lector voraz. No s\u00f3lo pas\u00f3 de ser un estudiante promedio a ser uno de los mejores de su clase, sino que siempre est\u00e1 leyendo un libro por inter\u00e9s propio.<\/p>\n<p style=\"padding-left: 30px;\"><em>Ana De Jes\u00fas, Madre<\/em><\/p>\n<p>No s\u00e9 c\u00f3mo podr\u00eda estar al d\u00eda con mis estudios de leyes. Gracias al curso de Lectura Veloz, puedo completar siempre todo el material, en mucho menos tiempo que los dem\u00e1s. Adem\u00e1s, con el M\u00e9todo de Estudio y las t\u00e9cnicas de Memoria, siempre me siento confiado. En bachillerato, siempre fui un estudiante de B. Ahora, a pesar de la carga mayor que tengo en la escuela de leyes, me he convertido en un estudiante de A. \u00a1Yo mismo no puedo creerlo!<\/p>\n<p style=\"padding-left: 30px;\"><em>Celso Matos Rosa, Estudiante 1er. A\u00f1o<br \/>\nEscuela de Leyes, UIA<\/em><\/p>\n<p><span style=\"font-family: Arial;\">Siempre me ha interesado todo lo que tiene que ver con el proceso de adquirir la mayor informaci\u00f3n posible en el menos tiempo posible. En mi b\u00fasqueda de este proceso particip\u00e9 en el seminario de Fotolectura sin obtener el resultado que esperaba ya que sent\u00eda que en el proceso me faltaba algo. Continu\u00e9 buscando y en este proceso me encontr\u00e9 con el curso de Lectura Veloz. A trav\u00e9s del curso pude encontrar ese algo que me hac\u00eda falta para obtener la mayor cantidad de informaci\u00f3n en un menor tiempo.<br \/>\nAlgo interesante de este curso es que te permite medir el progreso alcanzado en relaci\u00f3n a la velocidad que ten\u00eda al leer cuando comenc\u00e9 el curso. Inicialmente le\u00eda 170 palabras por minuto (yo juraba que le\u00eda r\u00e1pido) con un nivel de comprensi\u00f3n de 60%. Ahora soy capaz de leer aproximadamente 1,000 palabras por minuto, lo que representa una mejor\u00eda de nueve veces el nivel de comprensi\u00f3n original y una mejor\u00eda de seis veces en la candidad de palabras le\u00eddas por minuto.<br \/>\nRealmente, si me preguntan si recomiendo el curso les digo que s\u00ed, sin vacilar ni un solo instante.<br \/>\n<\/span><\/p>\n<p style=\"padding-left: 60px;\"><span style=\"font-family: Arial;\"><em>Arelis Tejada, Auditora<br \/>\nBanco Santander de Puerto Rico<\/em><\/span><\/p>\n","protected":false},"excerpt":{"rendered":"<p>A continuaci\u00f3n puedes leer algunos testimonios de nuestros estudiantes. Sobre el curso: Nunca hab\u00eda tomado un curso de t\u00e9cnicas de estudio, y aunque siempre sal\u00ed bien los estudios, tengo que &#8230;<\/p>\n","protected":false},"author":1,"featured_media":0,"parent":0,"menu_order":0,"comment_status":"closed","ping_status":"closed","template":"","meta":{"footnotes":""},"class_list":["post-1569","page","type-page","status-publish","hentry"],"_links":{"self":[{"href":"https:\/\/nilvem.com\/nilvem\/wp-json\/wp\/v2\/pages\/1569","targetHints":{"allow":["GET"]}}],"collection":[{"href":"https:\/\/nilvem.com\/nilvem\/wp-json\/wp\/v2\/pages"}],"about":[{"href":"https:\/\/nilvem.com\/nilvem\/wp-json\/wp\/v2\/types\/page"}],"author":[{"embeddable":true,"href":"https:\/\/nilvem.com\/nilvem\/wp-json\/wp\/v2\/users\/1"}],"replies":[{"embeddable":true,"href":"https:\/\/nilvem.com\/nilvem\/wp-json\/wp\/v2\/comments?post=1569"}],"version-history":[{"count":1,"href":"https:\/\/nilvem.com\/nilvem\/wp-json\/wp\/v2\/pages\/1569\/revisions"}],"predecessor-version":[{"id":1570,"href":"https:\/\/nilvem.com\/nilvem\/wp-json\/wp\/v2\/pages\/1569\/revisions\/1570"}],"wp:attachment":[{"href":"https:\/\/nilvem.com\/nilvem\/wp-json\/wp\/v2\/media?parent=1569"}],"curies":[{"name":"wp","href":"https:\/\/api.w.org\/{rel}","templated":true}]}}