{"id":1565,"date":"2022-03-24T09:00:55","date_gmt":"2022-03-24T09:00:55","guid":{"rendered":"https:\/\/nilvem.com\/nilvem\/?page_id=1565"},"modified":"2025-04-26T12:02:25","modified_gmt":"2025-04-26T16:02:25","slug":"nuestras-tecnicas","status":"publish","type":"page","link":"https:\/\/nilvem.com\/nilvem\/nuestras-tecnicas\/","title":{"rendered":"Nuestras t\u00e9cnicas"},"content":{"rendered":"<p>&nbsp;<\/p>\n<h6 align=\"CENTER\"><span style=\"color: #ffffff;\">\u00a0a<\/span><\/h6>\n<h5 align=\"CENTER\"><span style=\"color: #006666;\"><strong>El \u00e9xito acad\u00e9mico<br \/>\nNuestro desarrollo profesional<br \/>\nEl futuro<br \/>\nLos retos de la competencia<br \/>\nDestacarnos<br \/>\nNuestra mala memoria<br \/>\nEl tiempo que no da<br \/>\nEstar actualizados en nuestra profesi\u00f3n<\/strong><\/span><\/h5>\n<h6 style=\"text-align: center;\"><span style=\"color: #806c59;\"><span style=\"color: #000000;\">\u00bfCu\u00e1l es el denominador com\u00fan de todas estas preocupaciones?<\/span><\/span><\/h6>\n<h4 align=\"CENTER\"><span style=\"color: #006666;\"><strong>El poder de la informaci\u00f3n<\/strong><\/span><\/h4>\n<p align=\"justify\">En nuestros tiempos, la delantera la llevan quienes dominan y procesan la informaci\u00f3n con mayor eficiencia. No es el dinero, no son los t\u00edtulos, eso ayuda, pero en nuestros tiempos, el que domina la informaci\u00f3n es el que triunfa. Para cada uno de nosotros, esto quiere decir que avanzamos en nuestras profesiones en la misma medida en que podemos estudiar y reestudiar, formarnos y volvernos a formar en las mismas.<\/p>\n<p>Pero la necesidad de dominar la informaci\u00f3n tiene un l\u00edmite natural, un obst\u00e1culo que siempre se nos presenta:<\/p>\n<h5 align=\"CENTER\"><span style=\"font-size: medium;\"><span style=\"color: #006666;\"><strong>La limitaci\u00f3n del tiempo<\/strong><\/span><\/span><\/h5>\n<p align=\"justify\">La informaci\u00f3n es capital, pero el tiempo es nuestro mayor problema. Nunca nos da para mantenernos al d\u00eda. Mientras somos estudiantes, sobre todo si, a la vez, trabajamos, el tiempo parece achicarse cada d\u00eda Seg\u00fan avanzamos en nuestras profesiones, y a la misma vez desarrollamos una familia, el tiempo se convierte en la m\u00e1s escasa y valiiosa mercanc\u00eda. Por eso, el \u00e9xito est\u00e1 reservdo para quienes puedan:<\/p>\n<h5 align=\"CENTER\"><span style=\"font-size: medium;\"><span style=\"color: #006666;\"><strong>Dominar la informaci\u00f3n en el menor tiempo posible<\/strong><\/span><\/span><\/h5>\n<p align=\"justify\">Aqu\u00ed es donde nuestras t\u00e9cnicas, el curso Lecura Veloz, M\u00e9todo de Estudio y Memoria cobra una importancia vital. Vea c\u00f3mo este curso puede convertirse en la m\u00e1s \u00fatil herramienta para su desarrollo y \u00e9xito profesional.<\/p>\n<h4 style=\"text-align: center;\"><span style=\"font-size: medium;\"><span style=\"color: #006666;\"><strong>LECTURA VELOZ<\/strong><\/span><\/span><\/h4>\n<h5 style=\"text-align: center;\"><span style=\"font-size: medium;\"><span style=\"color: #006666;\"><strong>Leer\u00e1s todo en una fracci\u00f3n del tiempo que te toma ahora<\/strong><\/span><\/span><\/h5>\n<p align=\"justify\">Entre todos los medios de que disponemos para mantenernos informados, la lectura contin\u00faa siendo la m\u00e1s importante, por la cantidad de datos que proporciona. Sea que leemos un libro, un informe, un manual o una p\u00e1gina de internet, no es suficiente con leer. Hay que saber leer a una velocidad que permita obtener la mayor cantidad de informaci\u00f3n en un m\u00ednimo de tiempo.<\/p>\n<p>Con la Lectura Veloz aprender\u00e1s a detectar los vicios de la lectura y a desterrarlos, libr\u00e1ndote as\u00ed de los frenos que traban tu capacidad de leer a mayor velocidad. Tambi\u00e9n aprender\u00e1s las distintas t\u00e9cnicas para multiplicar la rapidez de lectura: percepci\u00f3n, pre-lectura, lectura espacial, ampliaci\u00f3n del campo visual, entre otras. Nuestros m\u00e9todos, probados a trav\u00e9s de los a\u00f1os, est\u00e1n dirigidos a mejorar la velocidad de lectura a la vez que aumentan la comprensi\u00f3n de lo le\u00eddo.<\/p>\n<p align=\"justify\">En nuestro curso, nuestra meta m\u00ednima con cada estudiante es\u00a0<span style=\"color: #ee0000;\"><strong>triplicar\u00a0<\/strong><\/span>su velocidad de lectura comprensiva. En realidad, la mayor\u00eda de nuestros estudiantes obtiene progresos mucho mayores, y no es raro ver aumentos de sobre 10 veces en el nivel de lectura y comprensi\u00f3n.<\/p>\n<h5 align=\"CENTER\"><span style=\"font-size: medium;\"><span style=\"color: #006666;\"><strong>M\u00c9TODO DE ESTUDIO<br \/>\nComprender\u00e1s mucho mejor lo que lees<\/strong><\/span><\/span><\/h5>\n<p>Adem\u00e1s de mejorar la capacidad de leer y, por tanto, de recibir la informaci\u00f3n, es necesario, igualmente, mejorar sus destrezas de procesamiento de la misma.<\/p>\n<p>Nuestro probado M\u00e9todo de Estudio te ayudar\u00e1 a distinguir lo importante y digno de retener, de lo accesorio y reiterativo. Lograr\u00e1s un mayor poder de razonamiento y una dram\u00e1tica mejor\u00eda en el aprovechamiento. Con nuestro M\u00e9todo, dejar\u00e1s de dar palos a ciegas y comenzar\u00e1s a orientarte con paso seguro en tus estudios.<\/p>\n<h5 style=\"text-align: center;\"><span style=\"color: #006666;\"><strong> MEMORIA<br \/>\n\u00a1Recordar\u00e1s todo!\u00a0<\/strong><\/span><\/h5>\n<p align=\"justify\">La memoria es una capacidad que se ampl\u00eda y perfecciona con el ejercicio. Con las t\u00e9cnicas que conocer\u00e1s en este curso, podr\u00e1s memorizar al instante listas de datos importantes, en su orden correspondiente, tales como fechas, n\u00fameros de tel\u00e9fono, nombres, cifras significativas, etc. Tu capacidad de manejar informaci\u00f3n se potenciar\u00e1 en gran magnitud al desarrollar la capacidad para la fijaci\u00f3n de conocimientos.<\/p>\n<p>La cantidad de textos que un estudiante ha de tener que leer en el transcurso de su vida acad\u00e9mica es, sin duda, abrumadora e intimidante. M\u00e1s adelante, mantenerse actualizado en cualquier profesi\u00f3n requiere lecturas y estudios continuos. Con nuestras t\u00e9cnicas, sin embargo, te desenvolver\u00e1s entre monta\u00f1as de documentos con una seguridad que nunca has conocido.<br \/>\nPor cada hora de tiempo que ahora tienes que invertir en la lectura, ahora s\u00f3lo emplear\u00e1s algunos minutos, y dominar\u00e1s el material completamente. No es dif\u00edcil calcular c\u00f3mo eso se traduce en una capacidad para estudiar m\u00e1s, aumentar su seguridad y autoconfianza y, como si esto fuera poco, tener m\u00e1s tiempo para actividades deportivas, recreativas y el descanso.<\/p>\n<p>Has la m\u00e1s importante inversi\u00f3n en tu futuro acad\u00e9mico y profesional. Br\u00edndate la ventaja que necesitas para asegurar el \u00e9xito. Matric\u00falate en nuestros cursos de\u00a0<strong>Lectura Veloz, M\u00e9todo de Estudio y Memoria<\/strong>. Ll\u00e1manos ahora mismo, al 787 347-4415 o <strong>env\u00edanos un mensaje utilzando el bot\u00f3n de Contacto.<\/strong><\/p>\n<h5 align=\"CENTER\"><span style=\"font-size: medium;\"><span style=\"color: #006666;\"><strong>No lo dejes para despu\u00e9s, recuerda:<\/strong><\/span><\/span><\/h5>\n<h5 style=\"text-align: center;\"><span style=\"color: #ee0000;\">Cada d\u00eda que dejes para despu\u00e9s tu propio desarrollo<br \/>\nser\u00e1 un d\u00eda que retraces tu \u00e9xito acad\u00e9mico y profesional.<\/span><\/h5>\n<h5 style=\"text-align: center;\"><span style=\"color: #008080;\">y, por otro lado:<\/span><\/h5>\n<h5 style=\"text-align: center;\"><span style=\"color: #ff0000;\">T\u00fa mismo y tu capacidad de<br \/>\nprocesar y dominar la informaci\u00f3n<br \/>\nson tu mejor carta de triunfo.<\/span><\/h5>\n<blockquote>\n<p style=\"text-align: center;\"><span style=\"color: #000000;\">La mejor inversi\u00f3n en tu futuro<\/span><\/p>\n<p style=\"text-align: center;\">est\u00e1 en el desarrollo de<\/p>\n<p style=\"text-align: center;\">tu capacidad de aprender<\/p>\n<p style=\"text-align: center;\">y dominar el conocimiento.<\/p>\n<\/blockquote>\n","protected":false},"excerpt":{"rendered":"<p>&nbsp; \u00a0a El \u00e9xito acad\u00e9mico Nuestro desarrollo profesional El futuro Los retos de la competencia Destacarnos Nuestra mala memoria El tiempo que no da Estar actualizados en nuestra profesi\u00f3n \u00bfCu\u00e1l &#8230;<\/p>\n","protected":false},"author":1,"featured_media":0,"parent":0,"menu_order":0,"comment_status":"closed","ping_status":"closed","template":"","meta":{"footnotes":""},"class_list":["post-1565","page","type-page","status-publish","hentry"],"_links":{"self":[{"href":"https:\/\/nilvem.com\/nilvem\/wp-json\/wp\/v2\/pages\/1565","targetHints":{"allow":["GET"]}}],"collection":[{"href":"https:\/\/nilvem.com\/nilvem\/wp-json\/wp\/v2\/pages"}],"about":[{"href":"https:\/\/nilvem.com\/nilvem\/wp-json\/wp\/v2\/types\/page"}],"author":[{"embeddable":true,"href":"https:\/\/nilvem.com\/nilvem\/wp-json\/wp\/v2\/users\/1"}],"replies":[{"embeddable":true,"href":"https:\/\/nilvem.com\/nilvem\/wp-json\/wp\/v2\/comments?post=1565"}],"version-history":[{"count":2,"href":"https:\/\/nilvem.com\/nilvem\/wp-json\/wp\/v2\/pages\/1565\/revisions"}],"predecessor-version":[{"id":2562,"href":"https:\/\/nilvem.com\/nilvem\/wp-json\/wp\/v2\/pages\/1565\/revisions\/2562"}],"wp:attachment":[{"href":"https:\/\/nilvem.com\/nilvem\/wp-json\/wp\/v2\/media?parent=1565"}],"curies":[{"name":"wp","href":"https:\/\/api.w.org\/{rel}","templated":true}]}}