{"id":1526,"date":"2022-03-23T17:30:55","date_gmt":"2022-03-23T17:30:55","guid":{"rendered":"https:\/\/nilvem.com\/nilvem\/?page_id=1526"},"modified":"2023-05-18T00:15:17","modified_gmt":"2023-05-18T00:15:17","slug":"pagina-ejemplo-2","status":"publish","type":"page","link":"https:\/\/nilvem.com\/nilvem\/pagina-ejemplo-2\/","title":{"rendered":"Confirmaci\u00f3n Inscripci\u00f3n Verano Intensivo"},"content":{"rendered":"<h3><\/h3>\n<h5>El formulario fue sometido exitosamente. \u00a0Nos comunicaremos con usted para confirmaci\u00f3n.<\/h5>\n<p>Para su conveniencia en pagos con tarjeta de cr\u00e9dito o cuenta Paypal, utilice el bot\u00f3n de pago m\u00e1s abajo. Para pagos utilizando ATH M\u00f3vil, haga al pago al 787 347-4415 e incluya en las notas el nombre del estudiante para identificarlo. Para pago utilizando otro medio o para cualquier duda, favor llamar al 787 347-4415, comunicarse v\u00eda WhatsApp o enviarnos un mensaje a nilvem@gmail.com.<\/p>\n<h5><strong>PAGO CURSO ADOLESCENTES Y ADULTOS<\/strong><\/h5>\n<form action=\"https:\/\/www.paypal.com\/cgi-bin\/webscr\" method=\"post\" target=\"_top\"><input name=\"cmd\" type=\"hidden\" value=\"_s-xclick\" \/><br \/>\n<input name=\"hosted_button_id\" type=\"hidden\" value=\"VT87XEJJ5N4KW\" \/><\/p>\n<table>\n<tbody>\n<tr>\n<td><input name=\"on0\" type=\"hidden\" value=\"Escoja opci\u00f3n:\" \/>Escoja opci\u00f3n:<\/td>\n<\/tr>\n<tr>\n<td><select name=\"os0\"><option value=\"Pago completo\">Pago completo $500.00 USD<\/option><option value=\"Primero de dos plazos\">Primero de dos plazos $250.00 USD<\/option><option value=\"Primero de cuatro plazos\">Primero de cuatro plazos $125.00 USD<\/option><option value=\"Primero de ocho plazos\">Primero de ocho plazos $62.50 USD<\/option><option value=\"Dep\u00f3sito para separar espacio\">Dep\u00f3sito para separar espacio $50.00 USD<\/option><\/select><\/td>\n<\/tr>\n<tr>\n<td><input name=\"on1\" type=\"hidden\" value=\"Nombre del estudiante\" \/>Nombre del estudiante<\/td>\n<\/tr>\n<tr>\n<td><input maxlength=\"200\" name=\"os1\" type=\"text\" \/><\/td>\n<\/tr>\n<\/tbody>\n<\/table>\n<p><input name=\"currency_code\" type=\"hidden\" value=\"USD\" \/><br \/>\n<input alt=\"PayPal, la forma m\u00e1s segura y r\u00e1pida de pagar en l\u00ednea.\" name=\"submit\" src=\"https:\/\/www.paypalobjects.com\/en_US\/i\/btn\/btn_buynowCC_LG.gif\" type=\"image\" \/><br \/>\n<img loading=\"lazy\" decoding=\"async\" src=\"https:\/\/www.paypalobjects.com\/es_XC\/i\/scr\/pixel.gif\" alt=\"\" width=\"1\" height=\"1\" border=\"0\" \/><\/p>\n<\/form>\n<p><img loading=\"lazy\" decoding=\"async\" src=\"https:\/\/www.paypalobjects.com\/es_XC\/i\/scr\/pixel.gif\" alt=\"\" width=\"1\" height=\"1\" border=\"0\" \/><\/p>\n<h5><strong>PAGO CURSO NI\u00d1OS<\/strong><\/h5>\n<form action=\"https:\/\/www.paypal.com\/cgi-bin\/webscr\" method=\"post\" target=\"_top\"><input name=\"cmd\" type=\"hidden\" value=\"_s-xclick\" \/><br \/>\n<input name=\"hosted_button_id\" type=\"hidden\" value=\"N34LB3RRQJR6Y\" \/><\/p>\n<table>\n<tbody>\n<tr>\n<td><input name=\"on0\" type=\"hidden\" value=\"Escoja opci\u00f3n:\" \/>Escoja opci\u00f3n:<\/td>\n<\/tr>\n<tr>\n<td><select name=\"os0\"><option value=\"Pago completo\">Pago completo $300.00 USD<\/option><option value=\"Primero de dos plazos\">Primero de dos plazos $150.00 USD<\/option><option value=\"Primero de cuatro plazos\">Primero de cuatro plazos $75.00 USD<\/option><option value=\"Primero de ocho plazos\">Primero de ocho plazos $37.50 USD<\/option><option value=\"Dep\u00f3sito para separar espacio\">Dep\u00f3sito para separar espacio $50.00 USD<\/option><\/select><\/td>\n<\/tr>\n<tr>\n<td><input name=\"on1\" type=\"hidden\" value=\"Nombre del estudiante\" \/>Nombre del estudiante<\/td>\n<\/tr>\n<tr>\n<td><input maxlength=\"200\" name=\"os1\" type=\"text\" \/><\/td>\n<\/tr>\n<\/tbody>\n<\/table>\n<p><input name=\"currency_code\" type=\"hidden\" value=\"USD\" \/><br \/>\n<input alt=\"PayPal, la forma m\u00e1s segura y r\u00e1pida de pagar en l\u00ednea.\" name=\"submit\" src=\"https:\/\/www.paypalobjects.com\/en_US\/i\/btn\/btn_buynowCC_LG.gif\" type=\"image\" \/><br \/>\n<img loading=\"lazy\" decoding=\"async\" src=\"https:\/\/www.paypalobjects.com\/es_XC\/i\/scr\/pixel.gif\" alt=\"\" width=\"1\" height=\"1\" border=\"0\" \/><\/p>\n<\/form>\n","protected":false},"excerpt":{"rendered":"<p>El formulario fue sometido exitosamente. \u00a0Nos comunicaremos con usted para confirmaci\u00f3n. Para su conveniencia en pagos con tarjeta de cr\u00e9dito o cuenta Paypal, utilice el bot\u00f3n de pago m\u00e1s abajo. &#8230;<\/p>\n","protected":false},"author":1,"featured_media":0,"parent":0,"menu_order":0,"comment_status":"closed","ping_status":"closed","template":"","meta":{"footnotes":""},"class_list":["post-1526","page","type-page","status-publish","hentry"],"_links":{"self":[{"href":"https:\/\/nilvem.com\/nilvem\/wp-json\/wp\/v2\/pages\/1526","targetHints":{"allow":["GET"]}}],"collection":[{"href":"https:\/\/nilvem.com\/nilvem\/wp-json\/wp\/v2\/pages"}],"about":[{"href":"https:\/\/nilvem.com\/nilvem\/wp-json\/wp\/v2\/types\/page"}],"author":[{"embeddable":true,"href":"https:\/\/nilvem.com\/nilvem\/wp-json\/wp\/v2\/users\/1"}],"replies":[{"embeddable":true,"href":"https:\/\/nilvem.com\/nilvem\/wp-json\/wp\/v2\/comments?post=1526"}],"version-history":[{"count":5,"href":"https:\/\/nilvem.com\/nilvem\/wp-json\/wp\/v2\/pages\/1526\/revisions"}],"predecessor-version":[{"id":1942,"href":"https:\/\/nilvem.com\/nilvem\/wp-json\/wp\/v2\/pages\/1526\/revisions\/1942"}],"wp:attachment":[{"href":"https:\/\/nilvem.com\/nilvem\/wp-json\/wp\/v2\/media?parent=1526"}],"curies":[{"name":"wp","href":"https:\/\/api.w.org\/{rel}","templated":true}]}}