{"id":1516,"date":"2022-03-23T16:46:04","date_gmt":"2022-03-23T16:46:04","guid":{"rendered":"https:\/\/nilvem.com\/nilvem\/?page_id=1516"},"modified":"2026-03-30T20:30:44","modified_gmt":"2026-03-31T00:30:44","slug":"inscripcion-verano-intensivo-2026","status":"publish","type":"page","link":"https:\/\/nilvem.com\/nilvem\/inscripcion-verano-intensivo-2026\/","title":{"rendered":"Inscripci\u00f3n Verano Intensivo 2026"},"content":{"rendered":"<style id=\"wpforms-css-vars-1509\">\n\t\t\t\t#wpforms-1509 {\n\t\t\t\t--wpforms-container-padding: 0px;\n--wpforms-container-border-width: 1px;\n--wpforms-container-border-radius: 3px;\n--wpforms-background-color: rgba(0, 0, 0, 0);\n--wpforms-field-size-input-height: 43px;\n--wpforms-field-size-input-spacing: 15px;\n--wpforms-field-size-font-size: 16px;\n--wpforms-field-size-line-height: 19px;\n--wpforms-field-size-padding-h: 14px;\n--wpforms-field-size-checkbox-size: 16px;\n--wpforms-field-size-sublabel-spacing: 5px;\n--wpforms-field-size-icon-size: 1;\n--wpforms-label-size-font-size: 16px;\n--wpforms-label-size-line-height: 19px;\n--wpforms-label-size-sublabel-font-size: 14px;\n--wpforms-label-size-sublabel-line-height: 17px;\n--wpforms-button-size-font-size: 17px;\n--wpforms-button-size-height: 41px;\n--wpforms-button-size-padding-h: 15px;\n--wpforms-button-size-margin-top: 10px;\n--wpforms-container-shadow-size-box-shadow: none;\n\t\t\t}\n\t\t\t<\/style><div class=\"wpforms-container wpforms-container-full wpforms-render-modern\" id=\"wpforms-1509\"><form id=\"wpforms-form-1509\" class=\"wpforms-validate wpforms-form wpforms-ajax-form\" data-formid=\"1509\" method=\"post\" enctype=\"multipart\/form-data\" action=\"\/nilvem\/wp-json\/wp\/v2\/pages\/1516\" data-token=\"7f0e07c6c8f1469b37cadba510e20d3b\" data-token-time=\"1778346368\"><noscript class=\"wpforms-error-noscript\">Por favor, activa JavaScript en tu navegador para completar este formulario.<\/noscript><div id=\"wpforms-error-noscript\" style=\"display: none;\">Por favor, activa JavaScript en tu navegador para completar este formulario.<\/div><div class=\"wpforms-field-container\"><div id=\"wpforms-1509-field_1-container\" class=\"wpforms-field wpforms-field-name\" data-field-id=\"1\"><fieldset><legend class=\"wpforms-field-label\">Nombre del estudiante <span class=\"wpforms-required-label\" aria-hidden=\"true\">*<\/span><\/legend><div class=\"wpforms-field-row wpforms-field-medium\"><div class=\"wpforms-field-row-block wpforms-first wpforms-one-half\"><input type=\"text\" id=\"wpforms-1509-field_1\" class=\"wpforms-field-name-first wpforms-field-required\" name=\"wpforms[fields][1][first]\" aria-errormessage=\"wpforms-1509-field_1-error\" required><label for=\"wpforms-1509-field_1\" class=\"wpforms-field-sublabel after\">Nombre<\/label><\/div><div class=\"wpforms-field-row-block wpforms-one-half\"><input type=\"text\" id=\"wpforms-1509-field_1-last\" class=\"wpforms-field-name-last wpforms-field-required\" name=\"wpforms[fields][1][last]\" aria-errormessage=\"wpforms-1509-field_1-last-error\" required><label for=\"wpforms-1509-field_1-last\" class=\"wpforms-field-sublabel after\">Apellidos<\/label><\/div><\/div><\/fieldset><\/div><div id=\"wpforms-1509-field_2-container\" class=\"wpforms-field wpforms-field-email\" data-field-id=\"2\"><label class=\"wpforms-field-label\" for=\"wpforms-1509-field_2\">Email <span class=\"wpforms-required-label\" aria-hidden=\"true\">*<\/span><\/label><input type=\"email\" id=\"wpforms-1509-field_2\" class=\"wpforms-field-medium wpforms-field-required\" name=\"wpforms[fields][2]\" spellcheck=\"false\" aria-errormessage=\"wpforms-1509-field_2-error\" required><\/div><div id=\"wpforms-1509-field_8-container\" class=\"wpforms-field wpforms-field-number\" data-field-id=\"8\"><label class=\"wpforms-field-label\" for=\"wpforms-1509-field_8\">Tel\u00e9fono <span class=\"wpforms-required-label\" aria-hidden=\"true\">*<\/span><\/label><input type=\"number\" id=\"wpforms-1509-field_8\" class=\"wpforms-field-medium wpforms-field-required\" name=\"wpforms[fields][8]\" step=\"any\" aria-errormessage=\"wpforms-1509-field_8-error\" aria-describedby=\"wpforms-1509-field_8-description\" required><div id=\"wpforms-1509-field_8-description\" class=\"wpforms-field-description\">Usar solo numeros, no espacios ni s\u00edmbolos<\/div><\/div><div id=\"wpforms-1509-field_9-container\" class=\"wpforms-field wpforms-field-name\" data-field-id=\"9\"><fieldset><legend class=\"wpforms-field-label\">En caso del estudiante ser menor, nombre y apellidos de padre, madre o encargado.<\/legend><div class=\"wpforms-field-row wpforms-field-medium\"><div class=\"wpforms-field-row-block wpforms-first wpforms-one-half\"><input type=\"text\" id=\"wpforms-1509-field_9\" class=\"wpforms-field-name-first\" name=\"wpforms[fields][9][first]\" aria-errormessage=\"wpforms-1509-field_9-error\" ><label for=\"wpforms-1509-field_9\" class=\"wpforms-field-sublabel after\">Nombre<\/label><\/div><div class=\"wpforms-field-row-block wpforms-one-half\"><input type=\"text\" id=\"wpforms-1509-field_9-last\" class=\"wpforms-field-name-last\" name=\"wpforms[fields][9][last]\" aria-errormessage=\"wpforms-1509-field_9-last-error\" ><label for=\"wpforms-1509-field_9-last\" class=\"wpforms-field-sublabel after\">Apellidos<\/label><\/div><\/div><\/fieldset><\/div><div id=\"wpforms-1509-field_4-container\" class=\"wpforms-field wpforms-field-checkbox\" data-field-id=\"4\"><fieldset><legend class=\"wpforms-field-label\">En qu\u00e9 sesi\u00f3n quiere matricularse? <span class=\"wpforms-required-label\" aria-hidden=\"true\">*<\/span><\/legend><ul id=\"wpforms-1509-field_4\" class=\"wpforms-field-required\"><li class=\"choice-3 depth-1\"><input type=\"checkbox\" id=\"wpforms-1509-field_4_3\" name=\"wpforms[fields][4][]\" value=\"Sesi\u00f3n 1 - 8 a 19 de junio - Adolescentes y adultos - 9am - 12m\" aria-errormessage=\"wpforms-1509-field_4_3-error\" required ><label class=\"wpforms-field-label-inline\" for=\"wpforms-1509-field_4_3\">Sesi\u00f3n 1 - 8 a 19 de junio - Adolescentes y adultos - 9am - 12m<\/label><\/li><li class=\"choice-4 depth-1\"><input type=\"checkbox\" id=\"wpforms-1509-field_4_4\" name=\"wpforms[fields][4][]\" value=\"Sesi\u00f3n 1 - 8 a 19 de junio - Ni\u00f1os 9 a 12 a\u00f1os - 2:00 a 4:00 p.m.\" aria-errormessage=\"wpforms-1509-field_4_4-error\" required ><label class=\"wpforms-field-label-inline\" for=\"wpforms-1509-field_4_4\">Sesi\u00f3n 1 - 8 a 19 de junio - Ni\u00f1os 9 a 12 a\u00f1os - 2:00 a 4:00 p.m.<\/label><\/li><li class=\"choice-6 depth-1\"><input type=\"checkbox\" id=\"wpforms-1509-field_4_6\" name=\"wpforms[fields][4][]\" value=\"Sesi\u00f3n 2 - 22 de junio a 3 de julio - Adolescentes y adultos - 9am - 12m\" aria-errormessage=\"wpforms-1509-field_4_6-error\" required ><label class=\"wpforms-field-label-inline\" for=\"wpforms-1509-field_4_6\">Sesi\u00f3n 2 - 22 de junio a 3 de julio - Adolescentes y adultos - 9am - 12m<\/label><\/li><li class=\"choice-5 depth-1\"><input type=\"checkbox\" id=\"wpforms-1509-field_4_5\" name=\"wpforms[fields][4][]\" value=\"Sesi\u00f3n 2 - 22 de junio a 3 de julio - Ni\u00f1os 9 a 12 a\u00f1os - 2:00 a 4:00 p.m.\" aria-errormessage=\"wpforms-1509-field_4_5-error\" required ><label class=\"wpforms-field-label-inline\" for=\"wpforms-1509-field_4_5\">Sesi\u00f3n 2 - 22 de junio a 3 de julio - Ni\u00f1os 9 a 12 a\u00f1os - 2:00 a 4:00 p.m.<\/label><\/li><li class=\"choice-7 depth-1\"><input type=\"checkbox\" id=\"wpforms-1509-field_4_7\" name=\"wpforms[fields][4][]\" value=\"Sesi\u00f3n 3 - 6 a 17 de julio - Adolescentes y adultos - 9am - 12m\" aria-errormessage=\"wpforms-1509-field_4_7-error\" required ><label class=\"wpforms-field-label-inline\" for=\"wpforms-1509-field_4_7\">Sesi\u00f3n 3 - 6 a 17 de julio - Adolescentes y adultos - 9am - 12m<\/label><\/li><li class=\"choice-9 depth-1\"><input type=\"checkbox\" id=\"wpforms-1509-field_4_9\" name=\"wpforms[fields][4][]\" value=\"Sesi\u00f3n 3 - 6 a 17 de julio - Ni\u00f1os 9 a 12 a\u00f1os - 2:00 a 4:00 p.m.\" aria-errormessage=\"wpforms-1509-field_4_9-error\" required ><label class=\"wpforms-field-label-inline\" for=\"wpforms-1509-field_4_9\">Sesi\u00f3n 3 - 6 a 17 de julio - Ni\u00f1os 9 a 12 a\u00f1os - 2:00 a 4:00 p.m.<\/label><\/li><li class=\"choice-10 depth-1\"><input type=\"checkbox\" id=\"wpforms-1509-field_4_10\" name=\"wpforms[fields][4][]\" value=\"Sesi\u00f3n 4 - 20 a 31 de julio - Adolescentes y adultos - 9am - 12m\" aria-errormessage=\"wpforms-1509-field_4_10-error\" required ><label class=\"wpforms-field-label-inline\" for=\"wpforms-1509-field_4_10\">Sesi\u00f3n 4 - 20 a 31 de julio - Adolescentes y adultos - 9am - 12m<\/label><\/li><li class=\"choice-11 depth-1\"><input type=\"checkbox\" id=\"wpforms-1509-field_4_11\" name=\"wpforms[fields][4][]\" value=\"Sesi\u00f3n 4 - 20 a 31 de julio - Ni\u00f1os 9 a 12 a\u00f1os - 2:00 a 4:00 p.m.\" aria-errormessage=\"wpforms-1509-field_4_11-error\" required ><label class=\"wpforms-field-label-inline\" for=\"wpforms-1509-field_4_11\">Sesi\u00f3n 4 - 20 a 31 de julio - Ni\u00f1os 9 a 12 a\u00f1os - 2:00 a 4:00 p.m.<\/label><\/li><\/ul><\/fieldset><\/div><div id=\"wpforms-1509-field_7-container\" class=\"wpforms-field wpforms-field-textarea\" data-field-id=\"7\"><label class=\"wpforms-field-label\" for=\"wpforms-1509-field_7\">Comentarios o preguntas<\/label><textarea id=\"wpforms-1509-field_7\" class=\"wpforms-field-medium\" name=\"wpforms[fields][7]\" aria-errormessage=\"wpforms-1509-field_7-error\" ><\/textarea><\/div><\/div><!-- .wpforms-field-container --><div class=\"wpforms-submit-container\" ><input type=\"hidden\" name=\"wpforms[id]\" value=\"1509\"><input type=\"hidden\" name=\"page_title\" value=\"\"><input type=\"hidden\" name=\"page_url\" value=\"https:\/\/nilvem.com\/nilvem\/wp-json\/wp\/v2\/pages\/1516\"><input type=\"hidden\" name=\"url_referer\" value=\"\"><button type=\"submit\" name=\"wpforms[submit]\" id=\"wpforms-submit-1509\" class=\"wpforms-submit\" data-alt-text=\"Enviando...\" data-submit-text=\"\u00a1Reserva el espacio!\" aria-live=\"assertive\" value=\"wpforms-submit\">\u00a1Reserva el espacio!<\/button><img loading=\"lazy\" decoding=\"async\" src=\"https:\/\/nilvem.com\/nilvem\/wp-content\/plugins\/wpforms-lite\/assets\/images\/submit-spin.svg\" class=\"wpforms-submit-spinner\" style=\"display: none;\" width=\"26\" height=\"26\" alt=\"Cargando\"><\/div><\/form><\/div>  <!-- .wpforms-container -->\n","protected":false},"excerpt":{"rendered":"","protected":false},"author":1,"featured_media":0,"parent":0,"menu_order":0,"comment_status":"closed","ping_status":"closed","template":"","meta":{"footnotes":""},"class_list":["post-1516","page","type-page","status-publish","hentry"],"_links":{"self":[{"href":"https:\/\/nilvem.com\/nilvem\/wp-json\/wp\/v2\/pages\/1516","targetHints":{"allow":["GET"]}}],"collection":[{"href":"https:\/\/nilvem.com\/nilvem\/wp-json\/wp\/v2\/pages"}],"about":[{"href":"https:\/\/nilvem.com\/nilvem\/wp-json\/wp\/v2\/types\/page"}],"author":[{"embeddable":true,"href":"https:\/\/nilvem.com\/nilvem\/wp-json\/wp\/v2\/users\/1"}],"replies":[{"embeddable":true,"href":"https:\/\/nilvem.com\/nilvem\/wp-json\/wp\/v2\/comments?post=1516"}],"version-history":[{"count":6,"href":"https:\/\/nilvem.com\/nilvem\/wp-json\/wp\/v2\/pages\/1516\/revisions"}],"predecessor-version":[{"id":3715,"href":"https:\/\/nilvem.com\/nilvem\/wp-json\/wp\/v2\/pages\/1516\/revisions\/3715"}],"wp:attachment":[{"href":"https:\/\/nilvem.com\/nilvem\/wp-json\/wp\/v2\/media?parent=1516"}],"curies":[{"name":"wp","href":"https:\/\/api.w.org\/{rel}","templated":true}]}}